{"id":96,"date":"2023-09-06T14:42:41","date_gmt":"2023-09-06T14:42:41","guid":{"rendered":"https:\/\/goposchte24.de\/index.php\/product\/pampers-harmonie-aqua-baby-feuchttucher-24-x-48-stuck-sanfter-hautschutz-fur-zarte-haut-mit-99-wasser-1152-tucher\/"},"modified":"2023-09-29T22:38:42","modified_gmt":"2023-09-29T21:38:42","slug":"pampers-harmonie-aqua-baby-feuchttucher-24-x-48-stuck-sanfter-hautschutz-fur-zarte-haut-mit-99-wasser-1152-tucher","status":"publish","type":"product","link":"https:\/\/goposchte24.de\/index.php\/product\/pampers-harmonie-aqua-baby-feuchttucher-24-x-48-stuck-sanfter-hautschutz-fur-zarte-haut-mit-99-wasser-1152-tucher\/","title":{"rendered":"Pampers Harmonie Aqua Baby Feuchtt\u00fccher, (24 x 48 st\u00fcck), sanfter Hautschutz f\u00fcr zarte Haut mit 99% Wasser, 1152 T\u00fccher"},"content":{"rendered":"<ul class=\"amazon_features\">\n<li>Sanfter Hautschutz f\u00fcr empfindliche Haut mit 99 % Wasser. Zur milden Reinigung<\/li>\n<li>Feuchtt\u00fccher aus 100% pflanzenbasierten Fasern, 0% Plastik im Tuch<\/li>\n<li>Einzigartige Formel mit Premium-Baumwolle. Weich wie Federn auf der empfindliche Babyhaut<\/li>\n<li>Hergestellt ohne Alkohol, Parf\u00fcm, Farbstoffe<\/li>\n<li>Dermatologisch getestet und von Dermatologen der Skin Health Alliance best\u00e4tigt<\/li>\n<li>Hilft empfindliche Babyhaut besser vor Reizungen zu sch\u00fctzen als Baumwolle und Wasser<\/li>\n<li>Sicher f\u00fcr die Haut von Neugeborenen. Geeignet f\u00fcr Po, H\u00e4ndchen und Gesicht<\/li>\n<li>Verschluss aus 50% wiederverwerteten Plastikresten aus industrieller Produktion<\/li>\n<\/ul>\n","protected":false},"excerpt":{"rendered":"<p>Sanfter Hautschutz f\u00fcr empfindliche Haut mit 99 % Wasser. Zur milden Reinigung Feuchtt\u00fccher aus 100% pflanzenbasierten Fasern, 0% Plastik im Tuch Einzigartige Formel mit Premium-Baumwolle. Weich wie Federn auf der empfindliche Babyhaut Hergestellt ohne Alkohol, Parf\u00fcm, Farbstoffe Dermatologisch getestet und von Dermatologen der Skin Health Alliance best\u00e4tigt Hilft empfindliche Babyhaut besser vor Reizungen zu sch\u00fctzen [&hellip;]<\/p>\n","protected":false},"featured_media":97,"comment_status":"closed","ping_status":"closed","template":"","meta":[],"product_cat":[],"product_tag":[],"_links":{"self":[{"href":"https:\/\/goposchte24.de\/index.php\/wp-json\/wp\/v2\/product\/96"}],"collection":[{"href":"https:\/\/goposchte24.de\/index.php\/wp-json\/wp\/v2\/product"}],"about":[{"href":"https:\/\/goposchte24.de\/index.php\/wp-json\/wp\/v2\/types\/product"}],"replies":[{"embeddable":true,"href":"https:\/\/goposchte24.de\/index.php\/wp-json\/wp\/v2\/comments?post=96"}],"wp:featuredmedia":[{"embeddable":true,"href":"https:\/\/goposchte24.de\/index.php\/wp-json\/wp\/v2\/media\/97"}],"wp:attachment":[{"href":"https:\/\/goposchte24.de\/index.php\/wp-json\/wp\/v2\/media?parent=96"}],"wp:term":[{"taxonomy":"product_cat","embeddable":true,"href":"https:\/\/goposchte24.de\/index.php\/wp-json\/wp\/v2\/product_cat?post=96"},{"taxonomy":"product_tag","embeddable":true,"href":"https:\/\/goposchte24.de\/index.php\/wp-json\/wp\/v2\/product_tag?post=96"}],"curies":[{"name":"wp","href":"https:\/\/api.w.org\/{rel}","templated":true}]}}