{"id":94,"date":"2023-09-05T21:28:52","date_gmt":"2023-09-05T21:28:52","guid":{"rendered":"https:\/\/goposchte24.de\/index.php\/product\/persil-4in1-color-discs-100-waschladungen-waschmittel-mit-tiefenrein-technologie-colorwaschmittel-fur-reine-wasche-und-hygienische-frische-fur-die-maschine\/"},"modified":"2023-09-29T22:38:39","modified_gmt":"2023-09-29T21:38:39","slug":"persil-4in1-color-discs-100-waschladungen-waschmittel-mit-tiefenrein-technologie-colorwaschmittel-fur-reine-wasche-und-hygienische-frische-fur-die-maschine","status":"publish","type":"product","link":"https:\/\/goposchte24.de\/index.php\/product\/persil-4in1-color-discs-100-waschladungen-waschmittel-mit-tiefenrein-technologie-colorwaschmittel-fur-reine-wasche-und-hygienische-frische-fur-die-maschine\/","title":{"rendered":"Persil 4in1 Color DISCS (100 Waschladungen), Waschmittel mit Tiefenrein Technologie, Colorwaschmittel f\u00fcr reine W\u00e4sche und hygienische Frische f\u00fcr die Maschine"},"content":{"rendered":"<p>Die einzigartige Formel mit Tiefenrein Technologie dringt tief in die Fasern ein, um selbst die hartn\u00e4ckigsten Flecken zu l\u00f6sen und zu beseitigen. Gleichzeitig ist das leistungsstarke Waschmittel mehr als nur ein Fleckenentferner f\u00fcr Kleidung: Unangenehme Ger\u00fcche, die aufgrund von Ablagerungen aus der Waschmaschine kommen k\u00f6nnen, werden wirksam bek\u00e4mpft. Das Produkt enth\u00e4lt 92 % biologisch abbaubare Inhaltsstoffe* und wird in einer recycelbaren Verpackung geliefert \u2013 f\u00fcr eine saubere Welt. Produktvorteile im Detail: Tiefenreinigung f\u00fcr die W\u00e4sche und hygienische Frische f\u00fcr die Maschine Dringt tief in die Fasern ein, um Flecken zu bek\u00e4mpfen Recycelbare Verpackung und 92 % biologisch abbaubare Inhaltsstoffe Persil Color ist auch effektiv bei voller Beladung Energiesparend bei niedrigen Temperaturen ab 20 \u00b0C *Bezogen auf organische Inhaltsstoffe \u2013 gem. OECD 301\/302 Dosierhilfe: Es sollte immer die Dosieranweisung auf der Verpackung gepr\u00fcft werden. Die Dosieranweisung ist abh\u00e4ngig von der Gr\u00f6\u00dfe der Waschmaschine, der Wasserh\u00e4rte und dem Verschmutzungsgrad der W\u00e4sche. Spartipps f\u00fcr Wasser, Energie, CO\u2082 und Geld:1. Vermeiden Sie ein Unterf\u00fcllen der Waschmaschine. 2. Dosieranweisungen beachten. 3. Bei niedriger Temperatur waschen. 4. Verpackung aufbewahren \u2013 rezyklieren oder wieder f\u00fcllen. Persil bleibt Persil, weil Persil nicht Persil bleibt Seit mehr als 110 Jahren erfreut sich Persil gr\u00f6\u00dfter Beliebtheit und genie\u00dft das Vertrauen von Millionen Verbrauchern. Bereits bei der Einf\u00fchrung im Jahr 1907 als erstes selbstt\u00e4tiges Waschpulver war Persil seiner Zeit voraus und setzt seitdem Meilensteine in der Entwicklung neuer und nachhaltiger Waschmittel. Dabei liefern alle Produkte einen entscheidenden Mehrwert; Sie verbinden erstklassige Leistung mit der Verantwortung f\u00fcr Mensch und Umwelt und erm\u00f6glichen einen effizienten Einsatz von Ressourcen wie Energie und Wasser.<\/p>\n","protected":false},"excerpt":{"rendered":"<p>Die einzigartige Formel mit Tiefenrein Technologie dringt tief in die Fasern ein, um selbst die hartn\u00e4ckigsten Flecken zu l\u00f6sen und zu beseitigen. Gleichzeitig ist das leistungsstarke Waschmittel mehr als nur ein Fleckenentferner f\u00fcr Kleidung: Unangenehme Ger\u00fcche, die aufgrund von Ablagerungen aus der Waschmaschine kommen k\u00f6nnen, werden wirksam bek\u00e4mpft. Das Produkt enth\u00e4lt 92 % biologisch abbaubare [&hellip;]<\/p>\n","protected":false},"featured_media":95,"comment_status":"closed","ping_status":"closed","template":"","meta":[],"product_cat":[],"product_tag":[],"_links":{"self":[{"href":"https:\/\/goposchte24.de\/index.php\/wp-json\/wp\/v2\/product\/94"}],"collection":[{"href":"https:\/\/goposchte24.de\/index.php\/wp-json\/wp\/v2\/product"}],"about":[{"href":"https:\/\/goposchte24.de\/index.php\/wp-json\/wp\/v2\/types\/product"}],"replies":[{"embeddable":true,"href":"https:\/\/goposchte24.de\/index.php\/wp-json\/wp\/v2\/comments?post=94"}],"wp:featuredmedia":[{"embeddable":true,"href":"https:\/\/goposchte24.de\/index.php\/wp-json\/wp\/v2\/media\/95"}],"wp:attachment":[{"href":"https:\/\/goposchte24.de\/index.php\/wp-json\/wp\/v2\/media?parent=94"}],"wp:term":[{"taxonomy":"product_cat","embeddable":true,"href":"https:\/\/goposchte24.de\/index.php\/wp-json\/wp\/v2\/product_cat?post=94"},{"taxonomy":"product_tag","embeddable":true,"href":"https:\/\/goposchte24.de\/index.php\/wp-json\/wp\/v2\/product_tag?post=94"}],"curies":[{"name":"wp","href":"https:\/\/api.w.org\/{rel}","templated":true}]}}