{"id":76,"date":"2023-08-31T20:45:54","date_gmt":"2023-08-31T20:45:54","guid":{"rendered":"https:\/\/goposchte24.de\/index.php\/product\/huggies-ultra-comfort-babywindeln-grose-4-7-18-kg-150-stuck\/"},"modified":"2023-09-29T22:38:22","modified_gmt":"2023-09-29T21:38:22","slug":"huggies-ultra-comfort-babywindeln-grose-4-7-18-kg-150-stuck","status":"publish","type":"product","link":"https:\/\/goposchte24.de\/index.php\/product\/huggies-ultra-comfort-babywindeln-grose-4-7-18-kg-150-stuck\/","title":{"rendered":"Huggies Ultra Comfort Babywindeln, Gr\u00f6\u00dfe 4 (7-18 kg), 150 St\u00fcck"},"content":{"rendered":"<ul class=\"amazon_features\">\n<li>Monatsbox 150 St\u00fcck Huggies Ultra Comfort Baby-Windeln, Gr\u00f6\u00dfe 4, f\u00fcr Babys von 7-18 kg, ideale Vorratsgr\u00f6\u00dfe<\/li>\n<li>Das anatomische Design f\u00fcr eine bessere Passform h\u00e4lt Sie trocken und gesch\u00fctzt<\/li>\n<li>Saugf\u00e4hige Kan\u00e4le verteilen die N\u00e4sse gleichm\u00e4\u00dfig und bieten bis zu 12 Stunden Auslaufschutz, ohne durchzuh\u00e4ngen, so dass Sie sich frei bewegen k\u00f6nnen<\/li>\n<li>Unser bequemes Stretchb\u00fcndchen passt sich Ihrer K\u00f6rperform und jeder Ihrer Bewegungen an \u2013 egal, was passiert<\/li>\n<li>Keine Sorge, Baby. Unsere Windeln sind frei von Duftstoffen, Lotionen, Parabenen, Naturkautschuklatex und sind elementarchlorfrei<\/li>\n<\/ul>\n","protected":false},"excerpt":{"rendered":"<p>Monatsbox 150 St\u00fcck Huggies Ultra Comfort Baby-Windeln, Gr\u00f6\u00dfe 4, f\u00fcr Babys von 7-18 kg, ideale Vorratsgr\u00f6\u00dfe Das anatomische Design f\u00fcr eine bessere Passform h\u00e4lt Sie trocken und gesch\u00fctzt Saugf\u00e4hige Kan\u00e4le verteilen die N\u00e4sse gleichm\u00e4\u00dfig und bieten bis zu 12 Stunden Auslaufschutz, ohne durchzuh\u00e4ngen, so dass Sie sich frei bewegen k\u00f6nnen Unser bequemes Stretchb\u00fcndchen passt sich [&hellip;]<\/p>\n","protected":false},"featured_media":77,"comment_status":"closed","ping_status":"closed","template":"","meta":[],"product_cat":[],"product_tag":[],"_links":{"self":[{"href":"https:\/\/goposchte24.de\/index.php\/wp-json\/wp\/v2\/product\/76"}],"collection":[{"href":"https:\/\/goposchte24.de\/index.php\/wp-json\/wp\/v2\/product"}],"about":[{"href":"https:\/\/goposchte24.de\/index.php\/wp-json\/wp\/v2\/types\/product"}],"replies":[{"embeddable":true,"href":"https:\/\/goposchte24.de\/index.php\/wp-json\/wp\/v2\/comments?post=76"}],"wp:featuredmedia":[{"embeddable":true,"href":"https:\/\/goposchte24.de\/index.php\/wp-json\/wp\/v2\/media\/77"}],"wp:attachment":[{"href":"https:\/\/goposchte24.de\/index.php\/wp-json\/wp\/v2\/media?parent=76"}],"wp:term":[{"taxonomy":"product_cat","embeddable":true,"href":"https:\/\/goposchte24.de\/index.php\/wp-json\/wp\/v2\/product_cat?post=76"},{"taxonomy":"product_tag","embeddable":true,"href":"https:\/\/goposchte24.de\/index.php\/wp-json\/wp\/v2\/product_tag?post=76"}],"curies":[{"name":"wp","href":"https:\/\/api.w.org\/{rel}","templated":true}]}}