{"id":721,"date":"2023-08-30T15:46:27","date_gmt":"2023-08-30T15:46:27","guid":{"rendered":"https:\/\/goposchte24.de\/index.php\/product\/somat-excellence-4in1-caps-144-3-x-48-caps-spulmaschinen-caps-fur-exzellente-reinigung-brillanten-glanz-und-sorgfaltige-pflege-fur-geschirr-und-spulmaschine\/"},"modified":"2023-09-29T22:46:43","modified_gmt":"2023-09-29T21:46:43","slug":"somat-excellence-4in1-caps-144-3-x-48-caps-spulmaschinen-caps-fur-exzellente-reinigung-brillanten-glanz-und-sorgfaltige-pflege-fur-geschirr-und-spulmaschine","status":"publish","type":"product","link":"https:\/\/goposchte24.de\/index.php\/product\/somat-excellence-4in1-caps-144-3-x-48-caps-spulmaschinen-caps-fur-exzellente-reinigung-brillanten-glanz-und-sorgfaltige-pflege-fur-geschirr-und-spulmaschine\/","title":{"rendered":"Somat Excellence 4in1 Caps, 144 (3 x 48) Caps, Sp\u00fclmaschinen-Caps f\u00fcr exzellente Reinigung, brillanten Glanz und sorgf\u00e4ltige Pflege f\u00fcr Geschirr und Sp\u00fclmaschine"},"content":{"rendered":"<p>Die neue Revolution von Somat<\/p>\n<p> Die neue Generation Somat Excellence 4in1 Caps f\u00fcr exzellente Reinigung, brillanten Glanz und sorgf\u00e4ltige Pflege f\u00fcr Geschirr und Sp\u00fclmaschine!<\/p>\n<p> Schnellaufl\u00f6sende Premium Sp\u00fclmaschinen Caps mit einer einzigartigen Kombination aus Pulver und 3 festen Gelkammern in einer biologisch abbaubaren und 100 % wasserl\u00f6slichen H\u00fclle.<\/p>\n<p> Die Formel der Somat Excellence 4in1 Caps vereint 4 Kr\u00e4fte:<\/p>\n<p> Tiefenreinigung gegen Eingebranntes<br \/> Brillanter Glanz<br \/> Sch\u00fctzt empfindliches Geschirr<br \/> Sp\u00fclmaschinenpflege<\/p>\n<p> Herausragende Reinigung und ultimativer Glanz<\/p>\n","protected":false},"excerpt":{"rendered":"<p>Die neue Revolution von Somat Die neue Generation Somat Excellence 4in1 Caps f\u00fcr exzellente Reinigung, brillanten Glanz und sorgf\u00e4ltige Pflege f\u00fcr Geschirr und Sp\u00fclmaschine! Schnellaufl\u00f6sende Premium Sp\u00fclmaschinen Caps mit einer einzigartigen Kombination aus Pulver und 3 festen Gelkammern in einer biologisch abbaubaren und 100 % wasserl\u00f6slichen H\u00fclle. Die Formel der Somat Excellence 4in1 Caps vereint [&hellip;]<\/p>\n","protected":false},"featured_media":722,"comment_status":"closed","ping_status":"closed","template":"","meta":[],"product_cat":[],"product_tag":[],"_links":{"self":[{"href":"https:\/\/goposchte24.de\/index.php\/wp-json\/wp\/v2\/product\/721"}],"collection":[{"href":"https:\/\/goposchte24.de\/index.php\/wp-json\/wp\/v2\/product"}],"about":[{"href":"https:\/\/goposchte24.de\/index.php\/wp-json\/wp\/v2\/types\/product"}],"replies":[{"embeddable":true,"href":"https:\/\/goposchte24.de\/index.php\/wp-json\/wp\/v2\/comments?post=721"}],"wp:featuredmedia":[{"embeddable":true,"href":"https:\/\/goposchte24.de\/index.php\/wp-json\/wp\/v2\/media\/722"}],"wp:attachment":[{"href":"https:\/\/goposchte24.de\/index.php\/wp-json\/wp\/v2\/media?parent=721"}],"wp:term":[{"taxonomy":"product_cat","embeddable":true,"href":"https:\/\/goposchte24.de\/index.php\/wp-json\/wp\/v2\/product_cat?post=721"},{"taxonomy":"product_tag","embeddable":true,"href":"https:\/\/goposchte24.de\/index.php\/wp-json\/wp\/v2\/product_tag?post=721"}],"curies":[{"name":"wp","href":"https:\/\/api.w.org\/{rel}","templated":true}]}}