{"id":716,"date":"2023-08-30T15:33:46","date_gmt":"2023-08-30T15:33:46","guid":{"rendered":"https:\/\/goposchte24.de\/index.php\/product\/persil-color-4in1-discs-52-waschladungen-colorwaschmittel-mit-tiefenrein-plus-technologie-und-langanhaltender-frische-waschmittel-fur-leuchtende-farben-2\/"},"modified":"2023-09-29T22:46:38","modified_gmt":"2023-09-29T21:46:38","slug":"persil-color-4in1-discs-52-waschladungen-colorwaschmittel-mit-tiefenrein-plus-technologie-und-langanhaltender-frische-waschmittel-fur-leuchtende-farben-2","status":"publish","type":"product","link":"https:\/\/goposchte24.de\/index.php\/product\/persil-color-4in1-discs-52-waschladungen-colorwaschmittel-mit-tiefenrein-plus-technologie-und-langanhaltender-frische-waschmittel-fur-leuchtende-farben-2\/","title":{"rendered":"Persil Color 4in1 Discs (52 Waschladungen), Colorwaschmittel mit Tiefenrein-Plus Technologie und langanhaltender Frische, Waschmittel f\u00fcr leuchtende Farben"},"content":{"rendered":"<ul class=\"amazon_features\">\n<li>4in1 Power \u2013 Mit der 4-Kammern-Form vereinen die Persil Discs die Kraft von vier Produktvorteilen: kraftvolle Fleckentfernung, langanhaltende Frische, Leuchtkraft und Faserpflege<\/li>\n<li>Tiefenrein-Plus \u2013 Dank der innovativen Tiefenrein-Plus Technologie dringt das Persil Color Waschmittel tief in die Fasern ein und entfernt selbst hartn\u00e4ckigste Flecken<\/li>\n<li>Leuchtende Farben \u2013 Das Waschmittel sorgt nach dem Waschgang f\u00fcr strahlende Leuchtkraft und sch\u00fctzt Buntw\u00e4sche auch nach wiederholtem Waschen vor Vergrauung<\/li>\n<li>Optimale Faserschonung \u2013 Mit dem Color Waschmittel werden die Fasern beim W\u00e4schewaschen vor Flusenbildung gesch\u00fctzt \u2013 moderne Pflege f\u00fcr alle Lieblingstextilien<\/li>\n<li>Nachhaltige Verpackung \u2013 Die Verpackung ist recyclingf\u00e4hig. Daf\u00fcr einfach die Papierh\u00fclle abtrennen und Papier sowie die Verpackung nach Gebrauch recyceln<\/li>\n<li>Hinweis: Die Abbildungen k\u00f6nnen leichte Abweichungen zu dem gelieferten Artikel aufweisen<\/li>\n<li>Enth\u00e4lt Protease. Kann allergische Reaktionen hervorrufen.<\/li>\n<\/ul>\n","protected":false},"excerpt":{"rendered":"<p>4in1 Power \u2013 Mit der 4-Kammern-Form vereinen die Persil Discs die Kraft von vier Produktvorteilen: kraftvolle Fleckentfernung, langanhaltende Frische, Leuchtkraft und Faserpflege Tiefenrein-Plus \u2013 Dank der innovativen Tiefenrein-Plus Technologie dringt das Persil Color Waschmittel tief in die Fasern ein und entfernt selbst hartn\u00e4ckigste Flecken Leuchtende Farben \u2013 Das Waschmittel sorgt nach dem Waschgang f\u00fcr strahlende [&hellip;]<\/p>\n","protected":false},"featured_media":84,"comment_status":"closed","ping_status":"closed","template":"","meta":[],"product_cat":[],"product_tag":[],"_links":{"self":[{"href":"https:\/\/goposchte24.de\/index.php\/wp-json\/wp\/v2\/product\/716"}],"collection":[{"href":"https:\/\/goposchte24.de\/index.php\/wp-json\/wp\/v2\/product"}],"about":[{"href":"https:\/\/goposchte24.de\/index.php\/wp-json\/wp\/v2\/types\/product"}],"replies":[{"embeddable":true,"href":"https:\/\/goposchte24.de\/index.php\/wp-json\/wp\/v2\/comments?post=716"}],"wp:featuredmedia":[{"embeddable":true,"href":"https:\/\/goposchte24.de\/index.php\/wp-json\/wp\/v2\/media\/84"}],"wp:attachment":[{"href":"https:\/\/goposchte24.de\/index.php\/wp-json\/wp\/v2\/media?parent=716"}],"wp:term":[{"taxonomy":"product_cat","embeddable":true,"href":"https:\/\/goposchte24.de\/index.php\/wp-json\/wp\/v2\/product_cat?post=716"},{"taxonomy":"product_tag","embeddable":true,"href":"https:\/\/goposchte24.de\/index.php\/wp-json\/wp\/v2\/product_tag?post=716"}],"curies":[{"name":"wp","href":"https:\/\/api.w.org\/{rel}","templated":true}]}}