{"id":697,"date":"2023-08-31T20:32:44","date_gmt":"2023-08-31T20:32:44","guid":{"rendered":"https:\/\/goposchte24.de\/index.php\/product\/pampers-baby-windeln-pants-grose-5-12kg-17kg-harmonie-80-hoschenwindeln-alte-version\/"},"modified":"2023-09-29T22:46:24","modified_gmt":"2023-09-29T21:46:24","slug":"pampers-baby-windeln-pants-grose-5-12kg-17kg-harmonie-80-hoschenwindeln-alte-version","status":"publish","type":"product","link":"https:\/\/goposchte24.de\/index.php\/product\/pampers-baby-windeln-pants-grose-5-12kg-17kg-harmonie-80-hoschenwindeln-alte-version\/","title":{"rendered":"Pampers Baby Windeln Pants Gr\u00f6\u00dfe 5 (12kg-17kg) Harmonie, 80 H\u00f6schenwindeln, Alte Version"},"content":{"rendered":"<ul class=\"amazon_features\">\n<li>Pampers Baby Windeln Pants Gr\u00f6\u00dfe 5 (12kg-17kg) Harmonie, 80 H\u00f6schenwindeln, Alte Version<\/li>\n<\/ul>\n","protected":false},"excerpt":{"rendered":"<p>Pampers Baby Windeln Pants Gr\u00f6\u00dfe 5 (12kg-17kg) Harmonie, 80 H\u00f6schenwindeln, Alte Version<\/p>\n","protected":false},"featured_media":698,"comment_status":"closed","ping_status":"closed","template":"","meta":[],"product_cat":[],"product_tag":[],"_links":{"self":[{"href":"https:\/\/goposchte24.de\/index.php\/wp-json\/wp\/v2\/product\/697"}],"collection":[{"href":"https:\/\/goposchte24.de\/index.php\/wp-json\/wp\/v2\/product"}],"about":[{"href":"https:\/\/goposchte24.de\/index.php\/wp-json\/wp\/v2\/types\/product"}],"replies":[{"embeddable":true,"href":"https:\/\/goposchte24.de\/index.php\/wp-json\/wp\/v2\/comments?post=697"}],"wp:featuredmedia":[{"embeddable":true,"href":"https:\/\/goposchte24.de\/index.php\/wp-json\/wp\/v2\/media\/698"}],"wp:attachment":[{"href":"https:\/\/goposchte24.de\/index.php\/wp-json\/wp\/v2\/media?parent=697"}],"wp:term":[{"taxonomy":"product_cat","embeddable":true,"href":"https:\/\/goposchte24.de\/index.php\/wp-json\/wp\/v2\/product_cat?post=697"},{"taxonomy":"product_tag","embeddable":true,"href":"https:\/\/goposchte24.de\/index.php\/wp-json\/wp\/v2\/product_tag?post=697"}],"curies":[{"name":"wp","href":"https:\/\/api.w.org\/{rel}","templated":true}]}}