{"id":695,"date":"2023-08-31T20:38:39","date_gmt":"2023-08-31T20:38:39","guid":{"rendered":"https:\/\/goposchte24.de\/index.php\/product\/pampers-windeln-pants-grose-7-17kg-baby-dry-extra-large-mit-stop-und-schutz-taschchen-monatsbox-104-hoschenwindeln\/"},"modified":"2023-09-29T22:46:22","modified_gmt":"2023-09-29T21:46:22","slug":"pampers-windeln-pants-grose-7-17kg-baby-dry-extra-large-mit-stop-und-schutz-taschchen-monatsbox-104-hoschenwindeln","status":"publish","type":"product","link":"https:\/\/goposchte24.de\/index.php\/product\/pampers-windeln-pants-grose-7-17kg-baby-dry-extra-large-mit-stop-und-schutz-taschchen-monatsbox-104-hoschenwindeln\/","title":{"rendered":"Pampers Windeln Pants Gr\u00f6\u00dfe 7 (17kg+) Baby-Dry, Extra Large mit Stop- und Schutz T\u00e4schchen, MONATSBOX, 104 H\u00f6schenwindeln"},"content":{"rendered":"<ul class=\"amazon_features\">\n<li>Pampers Windeln Pants Gr\u00f6\u00dfe 7 (17kg+) Baby-Dry, 104 H\u00f6schenwindeln, Alte Version<\/li>\n<\/ul>\n","protected":false},"excerpt":{"rendered":"<p>Pampers Windeln Pants Gr\u00f6\u00dfe 7 (17kg+) Baby-Dry, 104 H\u00f6schenwindeln, Alte Version<\/p>\n","protected":false},"featured_media":696,"comment_status":"closed","ping_status":"closed","template":"","meta":[],"product_cat":[],"product_tag":[],"_links":{"self":[{"href":"https:\/\/goposchte24.de\/index.php\/wp-json\/wp\/v2\/product\/695"}],"collection":[{"href":"https:\/\/goposchte24.de\/index.php\/wp-json\/wp\/v2\/product"}],"about":[{"href":"https:\/\/goposchte24.de\/index.php\/wp-json\/wp\/v2\/types\/product"}],"replies":[{"embeddable":true,"href":"https:\/\/goposchte24.de\/index.php\/wp-json\/wp\/v2\/comments?post=695"}],"wp:featuredmedia":[{"embeddable":true,"href":"https:\/\/goposchte24.de\/index.php\/wp-json\/wp\/v2\/media\/696"}],"wp:attachment":[{"href":"https:\/\/goposchte24.de\/index.php\/wp-json\/wp\/v2\/media?parent=695"}],"wp:term":[{"taxonomy":"product_cat","embeddable":true,"href":"https:\/\/goposchte24.de\/index.php\/wp-json\/wp\/v2\/product_cat?post=695"},{"taxonomy":"product_tag","embeddable":true,"href":"https:\/\/goposchte24.de\/index.php\/wp-json\/wp\/v2\/product_tag?post=695"}],"curies":[{"name":"wp","href":"https:\/\/api.w.org\/{rel}","templated":true}]}}