{"id":686,"date":"2023-09-06T14:39:09","date_gmt":"2023-09-06T14:39:09","guid":{"rendered":"https:\/\/goposchte24.de\/index.php\/product\/pampers-sensitive-baby-feuchttucher-1200-tucher-15-x-80-fur-empfindliche-babyhaut-dermatologisch-getestet-baby-erstausstattung-fur-neugeborene\/"},"modified":"2023-09-29T22:46:16","modified_gmt":"2023-09-29T21:46:16","slug":"pampers-sensitive-baby-feuchttucher-1200-tucher-15-x-80-fur-empfindliche-babyhaut-dermatologisch-getestet-baby-erstausstattung-fur-neugeborene","status":"publish","type":"product","link":"https:\/\/goposchte24.de\/index.php\/product\/pampers-sensitive-baby-feuchttucher-1200-tucher-15-x-80-fur-empfindliche-babyhaut-dermatologisch-getestet-baby-erstausstattung-fur-neugeborene\/","title":{"rendered":"Pampers Sensitive Baby Feuchtt\u00fccher, 1200 T\u00fccher (15 x 80) F\u00fcr Empfindliche Babyhaut, Dermatologisch Getestet, Baby Erstausstattung F\u00fcr Neugeborene"},"content":{"rendered":"<ul class=\"amazon_features\">\n<li>Weichere und bessere Reinigung (im Vergleich zum vorherigen Produkt) f\u00fcr empfindliche Babyhaut<\/li>\n<li>Feuchtt\u00fccher mit einzigartiger Formel, die den nat\u00fcrlichen pH-Wert der Haut besser sch\u00fctzt als Baumwolle und Wasser<\/li>\n<li>Dermatologisch getestet<\/li>\n<li>0 % Alkohol, Parf\u00fcm, Farbstoffe<\/li>\n<li>Das weichere und st\u00e4rkere Feuchttuch (im Vergleich zum vorherigen Produkt) hilft bei der Reinigung w\u00e4hrend des Windelwechsels besser als je zuvor<\/li>\n<li>Hergestellt mit pflanzenbasierten Fasern<\/li>\n<li>Von Dermatologen der Skin Health Alliance best\u00e4tigt<\/li>\n<li>Speziell f\u00fcr die Haut von Neugeborenen geeignet<\/li>\n<\/ul>\n","protected":false},"excerpt":{"rendered":"<p>Weichere und bessere Reinigung (im Vergleich zum vorherigen Produkt) f\u00fcr empfindliche Babyhaut Feuchtt\u00fccher mit einzigartiger Formel, die den nat\u00fcrlichen pH-Wert der Haut besser sch\u00fctzt als Baumwolle und Wasser Dermatologisch getestet 0 % Alkohol, Parf\u00fcm, Farbstoffe Das weichere und st\u00e4rkere Feuchttuch (im Vergleich zum vorherigen Produkt) hilft bei der Reinigung w\u00e4hrend des Windelwechsels besser als je [&hellip;]<\/p>\n","protected":false},"featured_media":687,"comment_status":"closed","ping_status":"closed","template":"","meta":[],"product_cat":[],"product_tag":[],"_links":{"self":[{"href":"https:\/\/goposchte24.de\/index.php\/wp-json\/wp\/v2\/product\/686"}],"collection":[{"href":"https:\/\/goposchte24.de\/index.php\/wp-json\/wp\/v2\/product"}],"about":[{"href":"https:\/\/goposchte24.de\/index.php\/wp-json\/wp\/v2\/types\/product"}],"replies":[{"embeddable":true,"href":"https:\/\/goposchte24.de\/index.php\/wp-json\/wp\/v2\/comments?post=686"}],"wp:featuredmedia":[{"embeddable":true,"href":"https:\/\/goposchte24.de\/index.php\/wp-json\/wp\/v2\/media\/687"}],"wp:attachment":[{"href":"https:\/\/goposchte24.de\/index.php\/wp-json\/wp\/v2\/media?parent=686"}],"wp:term":[{"taxonomy":"product_cat","embeddable":true,"href":"https:\/\/goposchte24.de\/index.php\/wp-json\/wp\/v2\/product_cat?post=686"},{"taxonomy":"product_tag","embeddable":true,"href":"https:\/\/goposchte24.de\/index.php\/wp-json\/wp\/v2\/product_tag?post=686"}],"curies":[{"name":"wp","href":"https:\/\/api.w.org\/{rel}","templated":true}]}}