{"id":675,"date":"2023-08-31T20:49:12","date_gmt":"2023-08-31T20:49:12","guid":{"rendered":"https:\/\/goposchte24.de\/index.php\/product\/pampers-night-windeln-pants-grose-5-12kg-17kg-baby-dry-140-hoschenwindeln-alte-version\/"},"modified":"2023-09-29T22:46:08","modified_gmt":"2023-09-29T21:46:08","slug":"pampers-night-windeln-pants-grose-5-12kg-17kg-baby-dry-140-hoschenwindeln-alte-version","status":"publish","type":"product","link":"https:\/\/goposchte24.de\/index.php\/product\/pampers-night-windeln-pants-grose-5-12kg-17kg-baby-dry-140-hoschenwindeln-alte-version\/","title":{"rendered":"Pampers Night Windeln Pants Gr\u00f6\u00dfe 5 (12kg-17kg) Baby-Dry, 140 H\u00f6schenwindeln, Alte Version"},"content":{"rendered":"<ul class=\"amazon_features\">\n<li>Pampers Night Windeln Pants Gr\u00f6\u00dfe 5 (12kg-17kg) Baby-Dry, 140 H\u00f6schenwindeln, Alte Version<\/li>\n<\/ul>\n","protected":false},"excerpt":{"rendered":"<p>Pampers Night Windeln Pants Gr\u00f6\u00dfe 5 (12kg-17kg) Baby-Dry, 140 H\u00f6schenwindeln, Alte Version<\/p>\n","protected":false},"featured_media":676,"comment_status":"closed","ping_status":"closed","template":"","meta":[],"product_cat":[],"product_tag":[],"_links":{"self":[{"href":"https:\/\/goposchte24.de\/index.php\/wp-json\/wp\/v2\/product\/675"}],"collection":[{"href":"https:\/\/goposchte24.de\/index.php\/wp-json\/wp\/v2\/product"}],"about":[{"href":"https:\/\/goposchte24.de\/index.php\/wp-json\/wp\/v2\/types\/product"}],"replies":[{"embeddable":true,"href":"https:\/\/goposchte24.de\/index.php\/wp-json\/wp\/v2\/comments?post=675"}],"wp:featuredmedia":[{"embeddable":true,"href":"https:\/\/goposchte24.de\/index.php\/wp-json\/wp\/v2\/media\/676"}],"wp:attachment":[{"href":"https:\/\/goposchte24.de\/index.php\/wp-json\/wp\/v2\/media?parent=675"}],"wp:term":[{"taxonomy":"product_cat","embeddable":true,"href":"https:\/\/goposchte24.de\/index.php\/wp-json\/wp\/v2\/product_cat?post=675"},{"taxonomy":"product_tag","embeddable":true,"href":"https:\/\/goposchte24.de\/index.php\/wp-json\/wp\/v2\/product_tag?post=675"}],"curies":[{"name":"wp","href":"https:\/\/api.w.org\/{rel}","templated":true}]}}