{"id":673,"date":"2023-09-06T14:44:13","date_gmt":"2023-09-06T14:44:13","guid":{"rendered":"https:\/\/goposchte24.de\/index.php\/product\/pampers-coconut-pure-baby-feuchttucher-756-tucher-alte-version\/"},"modified":"2023-09-29T22:46:07","modified_gmt":"2023-09-29T21:46:07","slug":"pampers-coconut-pure-baby-feuchttucher-756-tucher-alte-version","status":"publish","type":"product","link":"https:\/\/goposchte24.de\/index.php\/product\/pampers-coconut-pure-baby-feuchttucher-756-tucher-alte-version\/","title":{"rendered":"Pampers Coconut Pure Baby Feuchtt\u00fccher, 756 T\u00fccher , Alte Version"},"content":{"rendered":"<ul class=\"amazon_features\">\n<li>Pampers Coconut Pure Baby Feuchtt\u00fccher, 756 T\u00fccher , Alte Version<\/li>\n<li>Frei von Alkohol und Farbstoffen<\/li>\n<li>Leichter Kokosnussduft<\/li>\n<li>Wollen Sie mehr \u00fcber unsere Bestandteile erfahren? Besuchen Sie unsere offizielle Webseite<\/li>\n<\/ul>\n","protected":false},"excerpt":{"rendered":"<p>Pampers Coconut Pure Baby Feuchtt\u00fccher, 756 T\u00fccher , Alte Version Frei von Alkohol und Farbstoffen Leichter Kokosnussduft Wollen Sie mehr \u00fcber unsere Bestandteile erfahren? Besuchen Sie unsere offizielle Webseite<\/p>\n","protected":false},"featured_media":674,"comment_status":"closed","ping_status":"closed","template":"","meta":[],"product_cat":[],"product_tag":[],"_links":{"self":[{"href":"https:\/\/goposchte24.de\/index.php\/wp-json\/wp\/v2\/product\/673"}],"collection":[{"href":"https:\/\/goposchte24.de\/index.php\/wp-json\/wp\/v2\/product"}],"about":[{"href":"https:\/\/goposchte24.de\/index.php\/wp-json\/wp\/v2\/types\/product"}],"replies":[{"embeddable":true,"href":"https:\/\/goposchte24.de\/index.php\/wp-json\/wp\/v2\/comments?post=673"}],"wp:featuredmedia":[{"embeddable":true,"href":"https:\/\/goposchte24.de\/index.php\/wp-json\/wp\/v2\/media\/674"}],"wp:attachment":[{"href":"https:\/\/goposchte24.de\/index.php\/wp-json\/wp\/v2\/media?parent=673"}],"wp:term":[{"taxonomy":"product_cat","embeddable":true,"href":"https:\/\/goposchte24.de\/index.php\/wp-json\/wp\/v2\/product_cat?post=673"},{"taxonomy":"product_tag","embeddable":true,"href":"https:\/\/goposchte24.de\/index.php\/wp-json\/wp\/v2\/product_tag?post=673"}],"curies":[{"name":"wp","href":"https:\/\/api.w.org\/{rel}","templated":true}]}}