{"id":67,"date":"2023-09-05T21:31:58","date_gmt":"2023-09-05T21:31:58","guid":{"rendered":"https:\/\/goposchte24.de\/index.php\/product\/persil-4in1-discs-universal-vollwaschmittel-147-3-x-49-waschladungen-fur-fleckenentfernung-leuchtkraft-frische-faserpflege-und-hygienisch-reine-wasche\/"},"modified":"2023-09-29T22:38:14","modified_gmt":"2023-09-29T21:38:14","slug":"persil-4in1-discs-universal-vollwaschmittel-147-3-x-49-waschladungen-fur-fleckenentfernung-leuchtkraft-frische-faserpflege-und-hygienisch-reine-wasche","status":"publish","type":"product","link":"https:\/\/goposchte24.de\/index.php\/product\/persil-4in1-discs-universal-vollwaschmittel-147-3-x-49-waschladungen-fur-fleckenentfernung-leuchtkraft-frische-faserpflege-und-hygienisch-reine-wasche\/","title":{"rendered":"Persil 4in1 DISCS Universal, Vollwaschmittel, 147 (3 x 49) Waschladungen f\u00fcr Fleckenentfernung, Leuchtkraft, Frische, Faserpflege und hygienisch reine W\u00e4sche"},"content":{"rendered":"<ul class=\"amazon_features\">\n<li>Das vier-Kammern-System der Persil 4-in-1 DISCS bietet die ideale L\u00f6sung f\u00fcr alle Herausforderungen beim W\u00e4schewaschen mit nur einem optimal vordosierten Produkt<\/li>\n<li>Die vier einzelnen Kammern sorgen f\u00fcr eine optimal abgestimmte Waschleistung in Fleckenentfernung, Leuchtkraft, Faserpflege und Frische<\/li>\n<li>Kraftvoller Fleckenentferner: Flecken werden kraftvoll entfernt und wei\u00dfe W\u00e4sche wird strahlend wei\u00df; Die ausgewogene Rezeptur kombiniert Waschleistung mit Faserpflege<\/li>\n<li>Die ausgew\u00e4hlte Duftkombination sorgt zudem f\u00fcr ein besonders langanhaltendes Frischeerlebnis<\/li>\n<li>Leichte Handhabung: Einfach eine der vordosierten DISCS in die leere Waschtrommel legen, die Maschine mit der W\u00e4sche bef\u00fcllen, das Waschprogramm ausw\u00e4hlen und fertig<\/li>\n<li>Enth\u00e4ltProtease. Kann allergische Reaktionen hervorrufe<\/li>\n<li>Hinweis: Die Abbildungen k\u00f6nnen leichte Abweichungen zu dem gelieferten Artikel aufweisen<\/li>\n<\/ul>\n","protected":false},"excerpt":{"rendered":"<p>Das vier-Kammern-System der Persil 4-in-1 DISCS bietet die ideale L\u00f6sung f\u00fcr alle Herausforderungen beim W\u00e4schewaschen mit nur einem optimal vordosierten Produkt Die vier einzelnen Kammern sorgen f\u00fcr eine optimal abgestimmte Waschleistung in Fleckenentfernung, Leuchtkraft, Faserpflege und Frische Kraftvoller Fleckenentferner: Flecken werden kraftvoll entfernt und wei\u00dfe W\u00e4sche wird strahlend wei\u00df; Die ausgewogene Rezeptur kombiniert Waschleistung mit [&hellip;]<\/p>\n","protected":false},"featured_media":68,"comment_status":"closed","ping_status":"closed","template":"","meta":[],"product_cat":[],"product_tag":[],"_links":{"self":[{"href":"https:\/\/goposchte24.de\/index.php\/wp-json\/wp\/v2\/product\/67"}],"collection":[{"href":"https:\/\/goposchte24.de\/index.php\/wp-json\/wp\/v2\/product"}],"about":[{"href":"https:\/\/goposchte24.de\/index.php\/wp-json\/wp\/v2\/types\/product"}],"replies":[{"embeddable":true,"href":"https:\/\/goposchte24.de\/index.php\/wp-json\/wp\/v2\/comments?post=67"}],"wp:featuredmedia":[{"embeddable":true,"href":"https:\/\/goposchte24.de\/index.php\/wp-json\/wp\/v2\/media\/68"}],"wp:attachment":[{"href":"https:\/\/goposchte24.de\/index.php\/wp-json\/wp\/v2\/media?parent=67"}],"wp:term":[{"taxonomy":"product_cat","embeddable":true,"href":"https:\/\/goposchte24.de\/index.php\/wp-json\/wp\/v2\/product_cat?post=67"},{"taxonomy":"product_tag","embeddable":true,"href":"https:\/\/goposchte24.de\/index.php\/wp-json\/wp\/v2\/product_tag?post=67"}],"curies":[{"name":"wp","href":"https:\/\/api.w.org\/{rel}","templated":true}]}}