{"id":667,"date":"2023-08-30T13:50:31","date_gmt":"2023-08-30T13:50:31","guid":{"rendered":"https:\/\/goposchte24.de\/index.php\/product\/huggies-drynites-jungen-8-15-jahre-9-stuck-piece\/"},"modified":"2023-09-29T22:46:03","modified_gmt":"2023-09-29T21:46:03","slug":"huggies-drynites-jungen-8-15-jahre-9-stuck-piece","status":"publish","type":"product","link":"https:\/\/goposchte24.de\/index.php\/product\/huggies-drynites-jungen-8-15-jahre-9-stuck-piece\/","title":{"rendered":"Huggies DryNites Jungen 8-15 Jahre, 9 St\u00fcck (Piece)"},"content":{"rendered":"<ul class=\"amazon_features\">\n<li>F\u00fcr trockene und erholsame N\u00e4chte: Einweg Pyjama Pants zur Unterst\u00fctzung beim Trockenwerden sowie zum Schutz in Phasen des Bettn\u00e4ssens; Geeignet f\u00fcr Jungen von 8 bis 15 Jahren<\/li>\n<li>5 stark absorbierende Lagen und mittig angeordnete Schutzzone speziell f\u00fcr Jungen; F\u00fcr trockene Kleidung und Betttextilien<\/li>\n<li>Diskrete L\u00f6sung f\u00fcr Kinder ab 8 Jahren: Spezielles, ger\u00e4uscharmes Material; Coole Disney Designs; Passform fast wie Unterw\u00e4sche<\/li>\n<li>Bequeme Windelhose mit dehnbarem, weichem B\u00fcndchen zum einfachen selbstst\u00e4ndigen An- und Ausziehen; Idealer Tragekomfort die ganze Nacht<\/li>\n<li>Lieferumfang: 1 x 9 DryNites Nacht-Windeln; Gewicht: 27-57 kg; Design: Disney; Art.-Nr.: 2143051<\/li>\n<\/ul>\n","protected":false},"excerpt":{"rendered":"<p>F\u00fcr trockene und erholsame N\u00e4chte: Einweg Pyjama Pants zur Unterst\u00fctzung beim Trockenwerden sowie zum Schutz in Phasen des Bettn\u00e4ssens; Geeignet f\u00fcr Jungen von 8 bis 15 Jahren 5 stark absorbierende Lagen und mittig angeordnete Schutzzone speziell f\u00fcr Jungen; F\u00fcr trockene Kleidung und Betttextilien Diskrete L\u00f6sung f\u00fcr Kinder ab 8 Jahren: Spezielles, ger\u00e4uscharmes Material; Coole Disney [&hellip;]<\/p>\n","protected":false},"featured_media":668,"comment_status":"closed","ping_status":"closed","template":"","meta":[],"product_cat":[],"product_tag":[],"_links":{"self":[{"href":"https:\/\/goposchte24.de\/index.php\/wp-json\/wp\/v2\/product\/667"}],"collection":[{"href":"https:\/\/goposchte24.de\/index.php\/wp-json\/wp\/v2\/product"}],"about":[{"href":"https:\/\/goposchte24.de\/index.php\/wp-json\/wp\/v2\/types\/product"}],"replies":[{"embeddable":true,"href":"https:\/\/goposchte24.de\/index.php\/wp-json\/wp\/v2\/comments?post=667"}],"wp:featuredmedia":[{"embeddable":true,"href":"https:\/\/goposchte24.de\/index.php\/wp-json\/wp\/v2\/media\/668"}],"wp:attachment":[{"href":"https:\/\/goposchte24.de\/index.php\/wp-json\/wp\/v2\/media?parent=667"}],"wp:term":[{"taxonomy":"product_cat","embeddable":true,"href":"https:\/\/goposchte24.de\/index.php\/wp-json\/wp\/v2\/product_cat?post=667"},{"taxonomy":"product_tag","embeddable":true,"href":"https:\/\/goposchte24.de\/index.php\/wp-json\/wp\/v2\/product_tag?post=667"}],"curies":[{"name":"wp","href":"https:\/\/api.w.org\/{rel}","templated":true}]}}