{"id":657,"date":"2023-08-30T15:38:15","date_gmt":"2023-08-30T15:38:15","guid":{"rendered":"https:\/\/goposchte24.de\/index.php\/product\/somat-deo-perls-geschirrspuler-deo-zitrone-orange-60-spulgange-spulmaschinen-deo-zur-geruchsneutralisierung-fur-einen-frischen-geschirrspuler-duft-8x17g\/"},"modified":"2023-09-29T22:45:56","modified_gmt":"2023-09-29T21:45:56","slug":"somat-deo-perls-geschirrspuler-deo-zitrone-orange-60-spulgange-spulmaschinen-deo-zur-geruchsneutralisierung-fur-einen-frischen-geschirrspuler-duft-8x17g","status":"publish","type":"product","link":"https:\/\/goposchte24.de\/index.php\/product\/somat-deo-perls-geschirrspuler-deo-zitrone-orange-60-spulgange-spulmaschinen-deo-zur-geruchsneutralisierung-fur-einen-frischen-geschirrspuler-duft-8x17g\/","title":{"rendered":"Somat Deo Perls Geschirrsp\u00fcler Deo Zitrone &amp; Orange (60 Sp\u00fclg\u00e4nge), Sp\u00fclmaschinen Deo zur Geruchsneutralisierung f\u00fcr einen frischen Geschirrsp\u00fcler Duft (8x17g)"},"content":{"rendered":"<ul class=\"amazon_features\">\n<li>Geruchsneutralisierer \u2013 Die Somat Deo Perls neutralisieren unangenehme Ger\u00fcche in der Geschirrsp\u00fclmaschine &#038; sorgen f\u00fcr einen angenehm frischen Duft<\/li>\n<li>Langanhaltende Frische \u2013 Mit ihrem Zwei-Kammer-System sorgen die Deo Perls zwischen den Sp\u00fclg\u00e4ngen f\u00fcr eine konstante Abgabe der beiden frischen D\u00fcfte Zitrone &#038; Orange<\/li>\n<li>Sofortige Wirkung \u2013 Die Deo Perls wirken zwischen den Sp\u00fclg\u00e4ngen, f\u00fcr sofortige Frische w\u00e4hrend der Geschirrreinigung<\/li>\n<li>Einfache Anwendung \u2013 Um eine optimale Nutzung der Sp\u00fclmaschinenduft-Perls zu gew\u00e4hrleisten, k\u00f6nnen sie einfach am oberen Geschirrkorb befestigt werden<\/li>\n<li>Weniger Plastik \u2013 Der Somat Deo Perls Sp\u00fclmaschinen Duft\u00a0wird in einer Verpackung geliefert, die 40 % weniger Plastik enth\u00e4lt (im Vergleich zu fr\u00fcheren Verpackungen)<\/li>\n<\/ul>\n","protected":false},"excerpt":{"rendered":"<p>Geruchsneutralisierer \u2013 Die Somat Deo Perls neutralisieren unangenehme Ger\u00fcche in der Geschirrsp\u00fclmaschine &#038; sorgen f\u00fcr einen angenehm frischen Duft Langanhaltende Frische \u2013 Mit ihrem Zwei-Kammer-System sorgen die Deo Perls zwischen den Sp\u00fclg\u00e4ngen f\u00fcr eine konstante Abgabe der beiden frischen D\u00fcfte Zitrone &#038; Orange Sofortige Wirkung \u2013 Die Deo Perls wirken zwischen den Sp\u00fclg\u00e4ngen, f\u00fcr sofortige [&hellip;]<\/p>\n","protected":false},"featured_media":658,"comment_status":"closed","ping_status":"closed","template":"","meta":[],"product_cat":[],"product_tag":[],"_links":{"self":[{"href":"https:\/\/goposchte24.de\/index.php\/wp-json\/wp\/v2\/product\/657"}],"collection":[{"href":"https:\/\/goposchte24.de\/index.php\/wp-json\/wp\/v2\/product"}],"about":[{"href":"https:\/\/goposchte24.de\/index.php\/wp-json\/wp\/v2\/types\/product"}],"replies":[{"embeddable":true,"href":"https:\/\/goposchte24.de\/index.php\/wp-json\/wp\/v2\/comments?post=657"}],"wp:featuredmedia":[{"embeddable":true,"href":"https:\/\/goposchte24.de\/index.php\/wp-json\/wp\/v2\/media\/658"}],"wp:attachment":[{"href":"https:\/\/goposchte24.de\/index.php\/wp-json\/wp\/v2\/media?parent=657"}],"wp:term":[{"taxonomy":"product_cat","embeddable":true,"href":"https:\/\/goposchte24.de\/index.php\/wp-json\/wp\/v2\/product_cat?post=657"},{"taxonomy":"product_tag","embeddable":true,"href":"https:\/\/goposchte24.de\/index.php\/wp-json\/wp\/v2\/product_tag?post=657"}],"curies":[{"name":"wp","href":"https:\/\/api.w.org\/{rel}","templated":true}]}}