{"id":65,"date":"2023-09-28T21:39:32","date_gmt":"2023-09-28T21:39:32","guid":{"rendered":"https:\/\/goposchte24.de\/index.php\/product\/lenor-envolee-dair-wascheduft-aus-perlen-66-waschgange-154-g-x-6-fur-einen-frischen-wind-nach-dem-waschen\/"},"modified":"2023-09-29T22:38:11","modified_gmt":"2023-09-29T21:38:11","slug":"lenor-envolee-dair-wascheduft-aus-perlen-66-waschgange-154-g-x-6-fur-einen-frischen-wind-nach-dem-waschen","status":"publish","type":"product","link":"https:\/\/goposchte24.de\/index.php\/product\/lenor-envolee-dair-wascheduft-aus-perlen-66-waschgange-154-g-x-6-fur-einen-frischen-wind-nach-dem-waschen\/","title":{"rendered":"Lenor Envol\u00e9e d&#039;Air W\u00e4scheduft aus Perlen, 66 Waschg\u00e4nge (154 g x 6), f\u00fcr einen frischen Wind nach dem Waschen"},"content":{"rendered":"<ul class=\"amazon_features\">\n<li>Noch mehr Duft, den Sie m\u00f6gen<\/li>\n<li>W\u00e4scheduft aus Perlen mit Fr\u00fchlingsblumen, nat\u00fcrlichen Patschulinoten und wei\u00dfen Zedernduften<\/li>\n<li>Frischewind: nach dem Waschen<\/li>\n<li>Gie\u00dfen Sie die Perlen direkt in die leere Trommel Ihrer Maschine bevor Sie Ihre W\u00e4sche starten<\/li>\n<\/ul>\n","protected":false},"excerpt":{"rendered":"<p>Noch mehr Duft, den Sie m\u00f6gen W\u00e4scheduft aus Perlen mit Fr\u00fchlingsblumen, nat\u00fcrlichen Patschulinoten und wei\u00dfen Zedernduften Frischewind: nach dem Waschen Gie\u00dfen Sie die Perlen direkt in die leere Trommel Ihrer Maschine bevor Sie Ihre W\u00e4sche starten<\/p>\n","protected":false},"featured_media":66,"comment_status":"closed","ping_status":"closed","template":"","meta":[],"product_cat":[],"product_tag":[],"_links":{"self":[{"href":"https:\/\/goposchte24.de\/index.php\/wp-json\/wp\/v2\/product\/65"}],"collection":[{"href":"https:\/\/goposchte24.de\/index.php\/wp-json\/wp\/v2\/product"}],"about":[{"href":"https:\/\/goposchte24.de\/index.php\/wp-json\/wp\/v2\/types\/product"}],"replies":[{"embeddable":true,"href":"https:\/\/goposchte24.de\/index.php\/wp-json\/wp\/v2\/comments?post=65"}],"wp:featuredmedia":[{"embeddable":true,"href":"https:\/\/goposchte24.de\/index.php\/wp-json\/wp\/v2\/media\/66"}],"wp:attachment":[{"href":"https:\/\/goposchte24.de\/index.php\/wp-json\/wp\/v2\/media?parent=65"}],"wp:term":[{"taxonomy":"product_cat","embeddable":true,"href":"https:\/\/goposchte24.de\/index.php\/wp-json\/wp\/v2\/product_cat?post=65"},{"taxonomy":"product_tag","embeddable":true,"href":"https:\/\/goposchte24.de\/index.php\/wp-json\/wp\/v2\/product_tag?post=65"}],"curies":[{"name":"wp","href":"https:\/\/api.w.org\/{rel}","templated":true}]}}