{"id":649,"date":"2023-08-30T14:20:10","date_gmt":"2023-08-30T14:20:10","guid":{"rendered":"https:\/\/goposchte24.de\/index.php\/product\/always-soft-like-cotton-slipeinlagen-large-vorteilspack-4er-pack-4-x-48-stuck\/"},"modified":"2023-09-29T22:45:49","modified_gmt":"2023-09-29T21:45:49","slug":"always-soft-like-cotton-slipeinlagen-large-vorteilspack-4er-pack-4-x-48-stuck","status":"publish","type":"product","link":"https:\/\/goposchte24.de\/index.php\/product\/always-soft-like-cotton-slipeinlagen-large-vorteilspack-4er-pack-4-x-48-stuck\/","title":{"rendered":"Always Soft Like Cotton Slipeinlagen Large, Vorteilspack, 4er Pack (4 x 48 St\u00fcck)"},"content":{"rendered":"<ul class=\"amazon_features\">\n<li>Abweichende Verpackung m\u00f6glich<\/li>\n<li>Passt sich K\u00f6rperbewegungen an, dank speziell entwickelter Netzstruktur f\u00fcr mehr Flexibilit\u00e4t und Schutz<\/li>\n<li>Weich wie Baumwolle, f\u00fcr herausragenden Komfort<\/li>\n<li>Sichere, anpassungsf\u00e4hige Technologie mit verstellbaren Klebebestandteilen, damit die Slipeinlage da bleibt, wo sie hingeh\u00f6rt<\/li>\n<li>Atmungsaktives Design, Hautvertr\u00e4glichkeit dermatologisch getestet<\/li>\n<\/ul>\n","protected":false},"excerpt":{"rendered":"<p>Abweichende Verpackung m\u00f6glich Passt sich K\u00f6rperbewegungen an, dank speziell entwickelter Netzstruktur f\u00fcr mehr Flexibilit\u00e4t und Schutz Weich wie Baumwolle, f\u00fcr herausragenden Komfort Sichere, anpassungsf\u00e4hige Technologie mit verstellbaren Klebebestandteilen, damit die Slipeinlage da bleibt, wo sie hingeh\u00f6rt Atmungsaktives Design, Hautvertr\u00e4glichkeit dermatologisch getestet<\/p>\n","protected":false},"featured_media":650,"comment_status":"closed","ping_status":"closed","template":"","meta":[],"product_cat":[],"product_tag":[],"_links":{"self":[{"href":"https:\/\/goposchte24.de\/index.php\/wp-json\/wp\/v2\/product\/649"}],"collection":[{"href":"https:\/\/goposchte24.de\/index.php\/wp-json\/wp\/v2\/product"}],"about":[{"href":"https:\/\/goposchte24.de\/index.php\/wp-json\/wp\/v2\/types\/product"}],"replies":[{"embeddable":true,"href":"https:\/\/goposchte24.de\/index.php\/wp-json\/wp\/v2\/comments?post=649"}],"wp:featuredmedia":[{"embeddable":true,"href":"https:\/\/goposchte24.de\/index.php\/wp-json\/wp\/v2\/media\/650"}],"wp:attachment":[{"href":"https:\/\/goposchte24.de\/index.php\/wp-json\/wp\/v2\/media?parent=649"}],"wp:term":[{"taxonomy":"product_cat","embeddable":true,"href":"https:\/\/goposchte24.de\/index.php\/wp-json\/wp\/v2\/product_cat?post=649"},{"taxonomy":"product_tag","embeddable":true,"href":"https:\/\/goposchte24.de\/index.php\/wp-json\/wp\/v2\/product_tag?post=649"}],"curies":[{"name":"wp","href":"https:\/\/api.w.org\/{rel}","templated":true}]}}