{"id":647,"date":"2023-09-26T20:30:21","date_gmt":"2023-09-26T20:30:21","guid":{"rendered":"https:\/\/goposchte24.de\/index.php\/product\/always-sensitive-normal-always-ultra-damenbinden-mit-flugeln-24-stuck\/"},"modified":"2023-09-29T22:45:47","modified_gmt":"2023-09-29T21:45:47","slug":"always-sensitive-normal-always-ultra-damenbinden-mit-flugeln-24-stuck","status":"publish","type":"product","link":"https:\/\/goposchte24.de\/index.php\/product\/always-sensitive-normal-always-ultra-damenbinden-mit-flugeln-24-stuck\/","title":{"rendered":"Always Sensitive Normal Always Ultra Damenbinden mit Fl\u00fcgeln, 24 St\u00fcck"},"content":{"rendered":"<ul class=\"amazon_features\">\n<li>Immer Sensitive ist 2x weicher und flexibler (im Vergleich mit Always Ultra).<\/li>\n<li>Eine obere Schicht so weich wie Baumwolle (enth\u00e4lt keine Baumwolle) und Komfortzonen, die Ihnen noch mehr Komfort bieten.<\/li>\n<li>Superabsorbierenden Kern mit feuchtigkeitsabsorbierenden Gel.<\/li>\n<li>Ultra-d\u00fcnne Slipeinlagen f\u00fcr Komfort und Diskretion. Mit Fl\u00fcgeln das Pad an Ort und Stelle und gegen Leckagen f\u00fcr zus\u00e4tzlichen Schutz zu halten.<\/li>\n<li>Damenbinden dermatologisch auf der Haut sanft sein getestet. Individuell f\u00fcr zus\u00e4tzliche Hygiene eingewickelt, so dass Sie \u00fcberall hin mitnehmen.<\/li>\n<\/ul>\n","protected":false},"excerpt":{"rendered":"<p>Immer Sensitive ist 2x weicher und flexibler (im Vergleich mit Always Ultra). Eine obere Schicht so weich wie Baumwolle (enth\u00e4lt keine Baumwolle) und Komfortzonen, die Ihnen noch mehr Komfort bieten. Superabsorbierenden Kern mit feuchtigkeitsabsorbierenden Gel. Ultra-d\u00fcnne Slipeinlagen f\u00fcr Komfort und Diskretion. Mit Fl\u00fcgeln das Pad an Ort und Stelle und gegen Leckagen f\u00fcr zus\u00e4tzlichen Schutz [&hellip;]<\/p>\n","protected":false},"featured_media":648,"comment_status":"closed","ping_status":"closed","template":"","meta":[],"product_cat":[],"product_tag":[],"_links":{"self":[{"href":"https:\/\/goposchte24.de\/index.php\/wp-json\/wp\/v2\/product\/647"}],"collection":[{"href":"https:\/\/goposchte24.de\/index.php\/wp-json\/wp\/v2\/product"}],"about":[{"href":"https:\/\/goposchte24.de\/index.php\/wp-json\/wp\/v2\/types\/product"}],"replies":[{"embeddable":true,"href":"https:\/\/goposchte24.de\/index.php\/wp-json\/wp\/v2\/comments?post=647"}],"wp:featuredmedia":[{"embeddable":true,"href":"https:\/\/goposchte24.de\/index.php\/wp-json\/wp\/v2\/media\/648"}],"wp:attachment":[{"href":"https:\/\/goposchte24.de\/index.php\/wp-json\/wp\/v2\/media?parent=647"}],"wp:term":[{"taxonomy":"product_cat","embeddable":true,"href":"https:\/\/goposchte24.de\/index.php\/wp-json\/wp\/v2\/product_cat?post=647"},{"taxonomy":"product_tag","embeddable":true,"href":"https:\/\/goposchte24.de\/index.php\/wp-json\/wp\/v2\/product_tag?post=647"}],"curies":[{"name":"wp","href":"https:\/\/api.w.org\/{rel}","templated":true}]}}