{"id":640,"date":"2023-08-31T20:37:10","date_gmt":"2023-08-31T20:37:10","guid":{"rendered":"https:\/\/goposchte24.de\/index.php\/product\/pampers-baby-windeln-grose-6-13kg-premium-protection-120-stuck-alte-version\/"},"modified":"2023-09-29T22:45:42","modified_gmt":"2023-09-29T21:45:42","slug":"pampers-baby-windeln-grose-6-13kg-premium-protection-120-stuck-alte-version","status":"publish","type":"product","link":"https:\/\/goposchte24.de\/index.php\/product\/pampers-baby-windeln-grose-6-13kg-premium-protection-120-stuck-alte-version\/","title":{"rendered":"Pampers Baby Windeln Gr\u00f6\u00dfe 6 (13kg+) Premium Protection, 120 St\u00fcck, Alte Version"},"content":{"rendered":"<ul class=\"amazon_features\">\n<li>Pampers Baby Windeln Gr\u00f6\u00dfe 6 (13kg+) Premium Protection, 120 St\u00fcck, Alte Version<\/li>\n<\/ul>\n","protected":false},"excerpt":{"rendered":"<p>Pampers Baby Windeln Gr\u00f6\u00dfe 6 (13kg+) Premium Protection, 120 St\u00fcck, Alte Version<\/p>\n","protected":false},"featured_media":641,"comment_status":"closed","ping_status":"closed","template":"","meta":[],"product_cat":[],"product_tag":[],"_links":{"self":[{"href":"https:\/\/goposchte24.de\/index.php\/wp-json\/wp\/v2\/product\/640"}],"collection":[{"href":"https:\/\/goposchte24.de\/index.php\/wp-json\/wp\/v2\/product"}],"about":[{"href":"https:\/\/goposchte24.de\/index.php\/wp-json\/wp\/v2\/types\/product"}],"replies":[{"embeddable":true,"href":"https:\/\/goposchte24.de\/index.php\/wp-json\/wp\/v2\/comments?post=640"}],"wp:featuredmedia":[{"embeddable":true,"href":"https:\/\/goposchte24.de\/index.php\/wp-json\/wp\/v2\/media\/641"}],"wp:attachment":[{"href":"https:\/\/goposchte24.de\/index.php\/wp-json\/wp\/v2\/media?parent=640"}],"wp:term":[{"taxonomy":"product_cat","embeddable":true,"href":"https:\/\/goposchte24.de\/index.php\/wp-json\/wp\/v2\/product_cat?post=640"},{"taxonomy":"product_tag","embeddable":true,"href":"https:\/\/goposchte24.de\/index.php\/wp-json\/wp\/v2\/product_tag?post=640"}],"curies":[{"name":"wp","href":"https:\/\/api.w.org\/{rel}","templated":true}]}}