{"id":63,"date":"2023-08-31T20:31:53","date_gmt":"2023-08-31T20:31:53","guid":{"rendered":"https:\/\/goposchte24.de\/index.php\/product\/pampers-windeln-grose-7-15kg-baby-dry-extra-large-monatsbox-bis-zu-12-stunden-rundum-auslaufschutz-112-stuck-1er-pack\/"},"modified":"2023-09-29T22:38:09","modified_gmt":"2023-09-29T21:38:09","slug":"pampers-windeln-grose-7-15kg-baby-dry-extra-large-monatsbox-bis-zu-12-stunden-rundum-auslaufschutz-112-stuck-1er-pack","status":"publish","type":"product","link":"https:\/\/goposchte24.de\/index.php\/product\/pampers-windeln-grose-7-15kg-baby-dry-extra-large-monatsbox-bis-zu-12-stunden-rundum-auslaufschutz-112-stuck-1er-pack\/","title":{"rendered":"Pampers Windeln Gr\u00f6\u00dfe 7 (15kg+) Baby-Dry, Extra Large, MONATSBOX, bis zu 12 Stunden Rundum-Auslaufschutz, 112 St\u00fcck (1er Pack)"},"content":{"rendered":"<ul class=\"amazon_features\">\n<li>Pampers Windeln Gr\u00f6\u00dfe 7 (15kg+) Baby-Dry, 112 St\u00fcck, Alte Version<\/li>\n<\/ul>\n","protected":false},"excerpt":{"rendered":"<p>Pampers Windeln Gr\u00f6\u00dfe 7 (15kg+) Baby-Dry, 112 St\u00fcck, Alte Version<\/p>\n","protected":false},"featured_media":64,"comment_status":"closed","ping_status":"closed","template":"","meta":[],"product_cat":[],"product_tag":[],"_links":{"self":[{"href":"https:\/\/goposchte24.de\/index.php\/wp-json\/wp\/v2\/product\/63"}],"collection":[{"href":"https:\/\/goposchte24.de\/index.php\/wp-json\/wp\/v2\/product"}],"about":[{"href":"https:\/\/goposchte24.de\/index.php\/wp-json\/wp\/v2\/types\/product"}],"replies":[{"embeddable":true,"href":"https:\/\/goposchte24.de\/index.php\/wp-json\/wp\/v2\/comments?post=63"}],"wp:featuredmedia":[{"embeddable":true,"href":"https:\/\/goposchte24.de\/index.php\/wp-json\/wp\/v2\/media\/64"}],"wp:attachment":[{"href":"https:\/\/goposchte24.de\/index.php\/wp-json\/wp\/v2\/media?parent=63"}],"wp:term":[{"taxonomy":"product_cat","embeddable":true,"href":"https:\/\/goposchte24.de\/index.php\/wp-json\/wp\/v2\/product_cat?post=63"},{"taxonomy":"product_tag","embeddable":true,"href":"https:\/\/goposchte24.de\/index.php\/wp-json\/wp\/v2\/product_tag?post=63"}],"curies":[{"name":"wp","href":"https:\/\/api.w.org\/{rel}","templated":true}]}}