{"id":617,"date":"2023-08-31T20:42:45","date_gmt":"2023-08-31T20:42:45","guid":{"rendered":"https:\/\/goposchte24.de\/index.php\/product\/pampers-windeln-pants-grose-8-19kg-baby-dry-extra-large-big-pack-einfaches-anziehen-mit-idealer-passform-36-hoschenwindeln\/"},"modified":"2023-09-29T22:45:25","modified_gmt":"2023-09-29T21:45:25","slug":"pampers-windeln-pants-grose-8-19kg-baby-dry-extra-large-big-pack-einfaches-anziehen-mit-idealer-passform-36-hoschenwindeln","status":"publish","type":"product","link":"https:\/\/goposchte24.de\/index.php\/product\/pampers-windeln-pants-grose-8-19kg-baby-dry-extra-large-big-pack-einfaches-anziehen-mit-idealer-passform-36-hoschenwindeln\/","title":{"rendered":"Pampers Windeln Pants Gr\u00f6\u00dfe 8 (19kg+) Baby-Dry, Extra Large, BIG PACK, einfaches Anziehen mit idealer Passform, 36 H\u00f6schenwindeln"},"content":{"rendered":"<ul class=\"amazon_features\">\n<li>Der super saugf\u00e4higer Kern nimmt Fl\u00fcssigkeiten sofort auf und bietet bis zu 12 Stunden Rundum-Auslaufschutz<\/li>\n<li>360\u00b0 Fit passt sich angenehm an das B\u00e4uchlein deines Babys an und hilft, ein Auslaufen zu verhindern<\/li>\n<li>Einfaches Windelwechseln: Zum Anziehen einfach hochziehen<\/li>\n<li>Praktisches Ausziehen: Zum Ausziehen die Seiten aufrei\u00dfen. Zusammenrollen, mit dem Klebeband befestigen und entsorgen<\/li>\n<li>Doppelte Beinb\u00fcndchen helfen, ein Auslaufen an den Beinchen zu verhindern<\/li>\n<li>Coole Designs zeigen dir die Windelvorder- und R\u00fcckseite<\/li>\n<\/ul>\n","protected":false},"excerpt":{"rendered":"<p>Der super saugf\u00e4higer Kern nimmt Fl\u00fcssigkeiten sofort auf und bietet bis zu 12 Stunden Rundum-Auslaufschutz 360\u00b0 Fit passt sich angenehm an das B\u00e4uchlein deines Babys an und hilft, ein Auslaufen zu verhindern Einfaches Windelwechseln: Zum Anziehen einfach hochziehen Praktisches Ausziehen: Zum Ausziehen die Seiten aufrei\u00dfen. Zusammenrollen, mit dem Klebeband befestigen und entsorgen Doppelte Beinb\u00fcndchen helfen, [&hellip;]<\/p>\n","protected":false},"featured_media":618,"comment_status":"closed","ping_status":"closed","template":"","meta":[],"product_cat":[],"product_tag":[],"_links":{"self":[{"href":"https:\/\/goposchte24.de\/index.php\/wp-json\/wp\/v2\/product\/617"}],"collection":[{"href":"https:\/\/goposchte24.de\/index.php\/wp-json\/wp\/v2\/product"}],"about":[{"href":"https:\/\/goposchte24.de\/index.php\/wp-json\/wp\/v2\/types\/product"}],"replies":[{"embeddable":true,"href":"https:\/\/goposchte24.de\/index.php\/wp-json\/wp\/v2\/comments?post=617"}],"wp:featuredmedia":[{"embeddable":true,"href":"https:\/\/goposchte24.de\/index.php\/wp-json\/wp\/v2\/media\/618"}],"wp:attachment":[{"href":"https:\/\/goposchte24.de\/index.php\/wp-json\/wp\/v2\/media?parent=617"}],"wp:term":[{"taxonomy":"product_cat","embeddable":true,"href":"https:\/\/goposchte24.de\/index.php\/wp-json\/wp\/v2\/product_cat?post=617"},{"taxonomy":"product_tag","embeddable":true,"href":"https:\/\/goposchte24.de\/index.php\/wp-json\/wp\/v2\/product_tag?post=617"}],"curies":[{"name":"wp","href":"https:\/\/api.w.org\/{rel}","templated":true}]}}