{"id":607,"date":"2023-09-05T21:59:36","date_gmt":"2023-09-05T21:59:36","guid":{"rendered":"https:\/\/goposchte24.de\/index.php\/product\/pampers-premium-protection-windeln-grose-4-54-windeln-9-14kg\/"},"modified":"2023-09-29T22:45:17","modified_gmt":"2023-09-29T21:45:17","slug":"pampers-premium-protection-windeln-grose-4-54-windeln-9-14kg","status":"publish","type":"product","link":"https:\/\/goposchte24.de\/index.php\/product\/pampers-premium-protection-windeln-grose-4-54-windeln-9-14kg\/","title":{"rendered":"Pampers Premium Protection Windeln Gr\u00f6\u00dfe 4, 54 Windeln, 9-14kg"},"content":{"rendered":"<ul class=\"amazon_features\">\n<li>Pampers Premium Protection ist von der British Skin Foundation anerkannt<\/li>\n<li>Gef\u00fcttert mit Herz-Steppdecken, um sich noch weicher auf der Babyhaut anzuf\u00fchlen, w\u00e4hrend N\u00e4sse und Schmutz weggezogen werden<\/li>\n<li>Ausgew\u00e4hlte federweiche Materialien f\u00fcr Pampers sanfte Ber\u00fchrung auf der Babyhaut (enth\u00e4lt keine Federn)<\/li>\n<li>N\u00e4sseindikator zeigt an, wann Ihr Baby eine Wicklung braucht<\/li>\n<li>Windeln mit Luftkan\u00e4len f\u00fcr atmungsaktive Trockenheit und bis zu 12 Stunden Trockenheit<\/li>\n<li>Weiche und dehnbare Seiten bieten eine bequeme Passform<\/li>\n<li>M\u00f6chten Sie mehr \u00fcber die Komponenten von Pampers erfahren? Besuchen Sie die Hersteller-Website<\/li>\n<\/ul>\n","protected":false},"excerpt":{"rendered":"<p>Pampers Premium Protection ist von der British Skin Foundation anerkannt Gef\u00fcttert mit Herz-Steppdecken, um sich noch weicher auf der Babyhaut anzuf\u00fchlen, w\u00e4hrend N\u00e4sse und Schmutz weggezogen werden Ausgew\u00e4hlte federweiche Materialien f\u00fcr Pampers sanfte Ber\u00fchrung auf der Babyhaut (enth\u00e4lt keine Federn) N\u00e4sseindikator zeigt an, wann Ihr Baby eine Wicklung braucht Windeln mit Luftkan\u00e4len f\u00fcr atmungsaktive Trockenheit [&hellip;]<\/p>\n","protected":false},"featured_media":608,"comment_status":"closed","ping_status":"closed","template":"","meta":[],"product_cat":[],"product_tag":[],"_links":{"self":[{"href":"https:\/\/goposchte24.de\/index.php\/wp-json\/wp\/v2\/product\/607"}],"collection":[{"href":"https:\/\/goposchte24.de\/index.php\/wp-json\/wp\/v2\/product"}],"about":[{"href":"https:\/\/goposchte24.de\/index.php\/wp-json\/wp\/v2\/types\/product"}],"replies":[{"embeddable":true,"href":"https:\/\/goposchte24.de\/index.php\/wp-json\/wp\/v2\/comments?post=607"}],"wp:featuredmedia":[{"embeddable":true,"href":"https:\/\/goposchte24.de\/index.php\/wp-json\/wp\/v2\/media\/608"}],"wp:attachment":[{"href":"https:\/\/goposchte24.de\/index.php\/wp-json\/wp\/v2\/media?parent=607"}],"wp:term":[{"taxonomy":"product_cat","embeddable":true,"href":"https:\/\/goposchte24.de\/index.php\/wp-json\/wp\/v2\/product_cat?post=607"},{"taxonomy":"product_tag","embeddable":true,"href":"https:\/\/goposchte24.de\/index.php\/wp-json\/wp\/v2\/product_tag?post=607"}],"curies":[{"name":"wp","href":"https:\/\/api.w.org\/{rel}","templated":true}]}}