{"id":599,"date":"2023-09-05T22:38:44","date_gmt":"2023-09-05T22:38:44","guid":{"rendered":"https:\/\/goposchte24.de\/index.php\/product\/huggies-ultra-comfort-windeln-grose-6-16-30-kg-102-windeln\/"},"modified":"2023-09-29T22:45:10","modified_gmt":"2023-09-29T21:45:10","slug":"huggies-ultra-comfort-windeln-grose-6-16-30-kg-102-windeln","status":"publish","type":"product","link":"https:\/\/goposchte24.de\/index.php\/product\/huggies-ultra-comfort-windeln-grose-6-16-30-kg-102-windeln\/","title":{"rendered":"Huggies Ultra Comfort Windeln, Gr\u00f6\u00dfe 6 (16-30 kg), 102 Windeln"},"content":{"rendered":"<ul class=\"amazon_features\">\n<li>Die Verpackung kann variieren<\/li>\n<li>Die aktiven Kan\u00e4le von Huggies Ultra Comfort verteilen die N\u00e4sse gleichm\u00e4\u00dfig mit Anti-Stapel-Effekt<\/li>\n<li>Der Anti-Stapel-Effekt f\u00f6rdert mehr Bewegungsfreiheit, sodass Kinder frei sein k\u00f6nnen, die Welt ohne Hindernisse zu erkunden<\/li>\n<li>Der elastische Bund und die anatomische Passform bieten eine sehr gute Passform<\/li>\n<li>Dieser Artikel enth\u00e4lt 3 Packungen mit 34 Windeln, insgesamt 102 Windeln<\/li>\n<li>Huggies Ultra Comfort ist die Windel f\u00fcr Babys, die immer aktiv und unterwegs sind<\/li>\n<\/ul>\n","protected":false},"excerpt":{"rendered":"<p>Die Verpackung kann variieren Die aktiven Kan\u00e4le von Huggies Ultra Comfort verteilen die N\u00e4sse gleichm\u00e4\u00dfig mit Anti-Stapel-Effekt Der Anti-Stapel-Effekt f\u00f6rdert mehr Bewegungsfreiheit, sodass Kinder frei sein k\u00f6nnen, die Welt ohne Hindernisse zu erkunden Der elastische Bund und die anatomische Passform bieten eine sehr gute Passform Dieser Artikel enth\u00e4lt 3 Packungen mit 34 Windeln, insgesamt 102 [&hellip;]<\/p>\n","protected":false},"featured_media":600,"comment_status":"closed","ping_status":"closed","template":"","meta":[],"product_cat":[],"product_tag":[],"_links":{"self":[{"href":"https:\/\/goposchte24.de\/index.php\/wp-json\/wp\/v2\/product\/599"}],"collection":[{"href":"https:\/\/goposchte24.de\/index.php\/wp-json\/wp\/v2\/product"}],"about":[{"href":"https:\/\/goposchte24.de\/index.php\/wp-json\/wp\/v2\/types\/product"}],"replies":[{"embeddable":true,"href":"https:\/\/goposchte24.de\/index.php\/wp-json\/wp\/v2\/comments?post=599"}],"wp:featuredmedia":[{"embeddable":true,"href":"https:\/\/goposchte24.de\/index.php\/wp-json\/wp\/v2\/media\/600"}],"wp:attachment":[{"href":"https:\/\/goposchte24.de\/index.php\/wp-json\/wp\/v2\/media?parent=599"}],"wp:term":[{"taxonomy":"product_cat","embeddable":true,"href":"https:\/\/goposchte24.de\/index.php\/wp-json\/wp\/v2\/product_cat?post=599"},{"taxonomy":"product_tag","embeddable":true,"href":"https:\/\/goposchte24.de\/index.php\/wp-json\/wp\/v2\/product_tag?post=599"}],"curies":[{"name":"wp","href":"https:\/\/api.w.org\/{rel}","templated":true}]}}