{"id":592,"date":"2023-08-31T21:03:31","date_gmt":"2023-08-31T21:03:31","guid":{"rendered":"https:\/\/goposchte24.de\/index.php\/product\/huggies-ultra-comfort-babywindeln-grose-3-4-9-kg-168-stuck\/"},"modified":"2023-09-29T22:45:01","modified_gmt":"2023-09-29T21:45:01","slug":"huggies-ultra-comfort-babywindeln-grose-3-4-9-kg-168-stuck","status":"publish","type":"product","link":"https:\/\/goposchte24.de\/index.php\/product\/huggies-ultra-comfort-babywindeln-grose-3-4-9-kg-168-stuck\/","title":{"rendered":"Huggies Ultra Comfort Babywindeln, Gr\u00f6\u00dfe 3 (4-9 kg), 168 St\u00fcck"},"content":{"rendered":"<ul class=\"amazon_features\">\n<li>Monatsbox 168 St\u00fcck Huggies Ultra Comfort Baby-Windeln, Gr\u00f6\u00dfe 3, f\u00fcr Babys von 4-9 kg, ideale Vorratsgr\u00f6\u00dfe<\/li>\n<li>Das anatomische Design f\u00fcr eine bessere Passform h\u00e4lt Sie trocken &#038; gesch\u00fctzt<\/li>\n<li>Saugf\u00e4hige Kan\u00e4le verteilen die N\u00e4sse gleichm\u00e4\u00dfig &#038; bieten bis zu 12 Stunden Auslaufschutz, ohne durchzuh\u00e4ngen, so dass Sie sich frei bewegen k\u00f6nnen<\/li>\n<li>Unser bequemes Stretchb\u00fcndchen passt sich Ihrer K\u00f6rperform &#038; jeder Ihrer Bewegungen an \u2013 egal, was passiert<\/li>\n<li>Keine Sorge, Baby. Unsere Windeln sind frei von Duftstoffen, Lotionen, Parabenen, Naturkautschuklatex und sind elementarchlorfrei<\/li>\n<li>Paket kann variieren, aber der Bestand im Inneren ist gleich<\/li>\n<\/ul>\n","protected":false},"excerpt":{"rendered":"<p>Monatsbox 168 St\u00fcck Huggies Ultra Comfort Baby-Windeln, Gr\u00f6\u00dfe 3, f\u00fcr Babys von 4-9 kg, ideale Vorratsgr\u00f6\u00dfe Das anatomische Design f\u00fcr eine bessere Passform h\u00e4lt Sie trocken &#038; gesch\u00fctzt Saugf\u00e4hige Kan\u00e4le verteilen die N\u00e4sse gleichm\u00e4\u00dfig &#038; bieten bis zu 12 Stunden Auslaufschutz, ohne durchzuh\u00e4ngen, so dass Sie sich frei bewegen k\u00f6nnen Unser bequemes Stretchb\u00fcndchen passt sich [&hellip;]<\/p>\n","protected":false},"featured_media":593,"comment_status":"closed","ping_status":"closed","template":"","meta":[],"product_cat":[],"product_tag":[],"_links":{"self":[{"href":"https:\/\/goposchte24.de\/index.php\/wp-json\/wp\/v2\/product\/592"}],"collection":[{"href":"https:\/\/goposchte24.de\/index.php\/wp-json\/wp\/v2\/product"}],"about":[{"href":"https:\/\/goposchte24.de\/index.php\/wp-json\/wp\/v2\/types\/product"}],"replies":[{"embeddable":true,"href":"https:\/\/goposchte24.de\/index.php\/wp-json\/wp\/v2\/comments?post=592"}],"wp:featuredmedia":[{"embeddable":true,"href":"https:\/\/goposchte24.de\/index.php\/wp-json\/wp\/v2\/media\/593"}],"wp:attachment":[{"href":"https:\/\/goposchte24.de\/index.php\/wp-json\/wp\/v2\/media?parent=592"}],"wp:term":[{"taxonomy":"product_cat","embeddable":true,"href":"https:\/\/goposchte24.de\/index.php\/wp-json\/wp\/v2\/product_cat?post=592"},{"taxonomy":"product_tag","embeddable":true,"href":"https:\/\/goposchte24.de\/index.php\/wp-json\/wp\/v2\/product_tag?post=592"}],"curies":[{"name":"wp","href":"https:\/\/api.w.org\/{rel}","templated":true}]}}