{"id":582,"date":"2023-09-06T14:40:45","date_gmt":"2023-09-06T14:40:45","guid":{"rendered":"https:\/\/goposchte24.de\/index.php\/product\/pampers-fresh-clean-feuchttucher-15-packungen-15-x-80-stuck1200-feuchttucher-milder-duft-auch-fur-hande-und-gesicht-geeignet\/"},"modified":"2023-09-29T22:44:54","modified_gmt":"2023-09-29T21:44:54","slug":"pampers-fresh-clean-feuchttucher-15-packungen-15-x-80-stuck1200-feuchttucher-milder-duft-auch-fur-hande-und-gesicht-geeignet","status":"publish","type":"product","link":"https:\/\/goposchte24.de\/index.php\/product\/pampers-fresh-clean-feuchttucher-15-packungen-15-x-80-stuck1200-feuchttucher-milder-duft-auch-fur-hande-und-gesicht-geeignet\/","title":{"rendered":"Pampers Fresh Clean Feuchtt\u00fccher 15 Packungen (15 x 80 St\u00fcck),1200 Feuchtt\u00fccher, milder Duft, auch f\u00fcr H\u00e4nde und Gesicht geeignet"},"content":{"rendered":"<ul class=\"amazon_features\">\n<li>Gr\u00fcndlichere Reinigung w\u00e4hrend des Windelwechsels (im Vergleich zum vorherigen Produkt), auch f\u00fcr H\u00e4nde und Gesicht geeignet<\/li>\n<li>Feuchtt\u00fccher mit einzigartiger Formel, die den nat\u00fcrlichen pH-Wert der Haut besser sch\u00fctzt als Baumwolle und Wasser<\/li>\n<li>Dermatologisch getestet<\/li>\n<li>0 % Alkohol, Farbstoffe<\/li>\n<li>Das weichere und st\u00e4rkere Feuchttuch (im Vergleich zum vorherigen Produkt) hilft bei der Reinigung w\u00e4hrend des Windelwechsels besser als je zuvor<\/li>\n<li>Hergestellt mit pflanzenbasierten Fasern<\/li>\n<li>Von Dermatologen der Skin Health Alliance best\u00e4tigt<\/li>\n<li>Mit erfrischendem Duft<\/li>\n<\/ul>\n","protected":false},"excerpt":{"rendered":"<p>Gr\u00fcndlichere Reinigung w\u00e4hrend des Windelwechsels (im Vergleich zum vorherigen Produkt), auch f\u00fcr H\u00e4nde und Gesicht geeignet Feuchtt\u00fccher mit einzigartiger Formel, die den nat\u00fcrlichen pH-Wert der Haut besser sch\u00fctzt als Baumwolle und Wasser Dermatologisch getestet 0 % Alkohol, Farbstoffe Das weichere und st\u00e4rkere Feuchttuch (im Vergleich zum vorherigen Produkt) hilft bei der Reinigung w\u00e4hrend des Windelwechsels [&hellip;]<\/p>\n","protected":false},"featured_media":583,"comment_status":"closed","ping_status":"closed","template":"","meta":[],"product_cat":[],"product_tag":[],"_links":{"self":[{"href":"https:\/\/goposchte24.de\/index.php\/wp-json\/wp\/v2\/product\/582"}],"collection":[{"href":"https:\/\/goposchte24.de\/index.php\/wp-json\/wp\/v2\/product"}],"about":[{"href":"https:\/\/goposchte24.de\/index.php\/wp-json\/wp\/v2\/types\/product"}],"replies":[{"embeddable":true,"href":"https:\/\/goposchte24.de\/index.php\/wp-json\/wp\/v2\/comments?post=582"}],"wp:featuredmedia":[{"embeddable":true,"href":"https:\/\/goposchte24.de\/index.php\/wp-json\/wp\/v2\/media\/583"}],"wp:attachment":[{"href":"https:\/\/goposchte24.de\/index.php\/wp-json\/wp\/v2\/media?parent=582"}],"wp:term":[{"taxonomy":"product_cat","embeddable":true,"href":"https:\/\/goposchte24.de\/index.php\/wp-json\/wp\/v2\/product_cat?post=582"},{"taxonomy":"product_tag","embeddable":true,"href":"https:\/\/goposchte24.de\/index.php\/wp-json\/wp\/v2\/product_tag?post=582"}],"curies":[{"name":"wp","href":"https:\/\/api.w.org\/{rel}","templated":true}]}}