{"id":58,"date":"2023-08-31T20:44:23","date_gmt":"2023-08-31T20:44:23","guid":{"rendered":"https:\/\/goposchte24.de\/index.php\/product\/pampers-baby-windeln-grose-3-6-10kg-premium-protection-midi-big-pack-bester-komfort-und-schutz-fur-empfindliche-haut-68-stuck\/"},"modified":"2023-09-29T22:38:04","modified_gmt":"2023-09-29T21:38:04","slug":"pampers-baby-windeln-grose-3-6-10kg-premium-protection-midi-big-pack-bester-komfort-und-schutz-fur-empfindliche-haut-68-stuck","status":"publish","type":"product","link":"https:\/\/goposchte24.de\/index.php\/product\/pampers-baby-windeln-grose-3-6-10kg-premium-protection-midi-big-pack-bester-komfort-und-schutz-fur-empfindliche-haut-68-stuck\/","title":{"rendered":"Pampers Baby Windeln Gr\u00f6\u00dfe 3 (6-10kg) Premium Protection, Midi, BIG PACK, bester Komfort und Schutz f\u00fcr empfindliche Haut, 68 St\u00fcck"},"content":{"rendered":"<ul class=\"amazon_features\">\n<li>Das exklusive DERMACOMFORT Innenvlies bietet den weichsten Komfort von Pampers<\/li>\n<li>Windeln mit ausgew\u00e4hlten federweichen Materialien f\u00fcr Pampers sanfteste Ber\u00fchrung auf der empfindlichen Babyhaut<\/li>\n<li>Weiche Flexi-Seitenfl\u00fcgel passen sich an das B\u00e4uchlein deines Babys an und sorgen f\u00fcr individuellen Tragekomfort<\/li>\n<li>Einzigartiges 3-fach-Schutz-System f\u00fcr bis zu 12 Stunden Rundum-Auslaufschutz<\/li>\n<li>Der Urin-Indikator zeigt an, wann es Zeit f\u00fcr eine neue Windel sein k\u00f6nnte<\/li>\n<li>Windeln mit verschiedenen niedlichen Designs in jeder Packung<\/li>\n<\/ul>\n","protected":false},"excerpt":{"rendered":"<p>Das exklusive DERMACOMFORT Innenvlies bietet den weichsten Komfort von Pampers Windeln mit ausgew\u00e4hlten federweichen Materialien f\u00fcr Pampers sanfteste Ber\u00fchrung auf der empfindlichen Babyhaut Weiche Flexi-Seitenfl\u00fcgel passen sich an das B\u00e4uchlein deines Babys an und sorgen f\u00fcr individuellen Tragekomfort Einzigartiges 3-fach-Schutz-System f\u00fcr bis zu 12 Stunden Rundum-Auslaufschutz Der Urin-Indikator zeigt an, wann es Zeit f\u00fcr eine [&hellip;]<\/p>\n","protected":false},"featured_media":59,"comment_status":"closed","ping_status":"closed","template":"","meta":[],"product_cat":[],"product_tag":[],"_links":{"self":[{"href":"https:\/\/goposchte24.de\/index.php\/wp-json\/wp\/v2\/product\/58"}],"collection":[{"href":"https:\/\/goposchte24.de\/index.php\/wp-json\/wp\/v2\/product"}],"about":[{"href":"https:\/\/goposchte24.de\/index.php\/wp-json\/wp\/v2\/types\/product"}],"replies":[{"embeddable":true,"href":"https:\/\/goposchte24.de\/index.php\/wp-json\/wp\/v2\/comments?post=58"}],"wp:featuredmedia":[{"embeddable":true,"href":"https:\/\/goposchte24.de\/index.php\/wp-json\/wp\/v2\/media\/59"}],"wp:attachment":[{"href":"https:\/\/goposchte24.de\/index.php\/wp-json\/wp\/v2\/media?parent=58"}],"wp:term":[{"taxonomy":"product_cat","embeddable":true,"href":"https:\/\/goposchte24.de\/index.php\/wp-json\/wp\/v2\/product_cat?post=58"},{"taxonomy":"product_tag","embeddable":true,"href":"https:\/\/goposchte24.de\/index.php\/wp-json\/wp\/v2\/product_tag?post=58"}],"curies":[{"name":"wp","href":"https:\/\/api.w.org\/{rel}","templated":true}]}}