{"id":579,"date":"2023-08-31T20:14:58","date_gmt":"2023-08-31T20:14:58","guid":{"rendered":"https:\/\/goposchte24.de\/index.php\/product\/pampers-windeln-grose-6-13-kg-harmonie-111-windeln-multipack-0-kompromisse-100-saugfahigkeit-pflanzliche-inhaltsstoffe-hypoallergen\/"},"modified":"2023-09-29T22:44:51","modified_gmt":"2023-09-29T21:44:51","slug":"pampers-windeln-grose-6-13-kg-harmonie-111-windeln-multipack-0-kompromisse-100-saugfahigkeit-pflanzliche-inhaltsstoffe-hypoallergen","status":"publish","type":"product","link":"https:\/\/goposchte24.de\/index.php\/product\/pampers-windeln-grose-6-13-kg-harmonie-111-windeln-multipack-0-kompromisse-100-saugfahigkeit-pflanzliche-inhaltsstoffe-hypoallergen\/","title":{"rendered":"Pampers Windeln Gr\u00f6\u00dfe 6 (13 + kg), Harmonie, 111 Windeln, Multipack, 0% Kompromisse, 100% Saugf\u00e4higkeit, pflanzliche Inhaltsstoffe, hypoallergen"},"content":{"rendered":"<ul class=\"amazon_features\">\n<li>Pampers Harmonie Windeln sind dermatologisch getestet und hypoallergen (*entworfen, um das Risiko von Allergien zu minimieren)<\/li>\n<li>Hergestellt aus hochwertiger Baumwolle und weichen Fasern pflanzlichen Ursprungs (15% Baumwolle im Au\u00dfenvier)<\/li>\n<li>Ohne Lotion, Parf\u00fcm und keine der 26 von der EU aufgelisteten Allergene.<\/li>\n<li>Bis zu 12 Stunden trocken<\/li>\n<li>Zellulose aus verantwortungsvoll verwalteten Quellen<\/li>\n<li>Zertifiziert durch das unabh\u00e4ngige \u00d6ko-Tex Standard 100<\/li>\n<li>Die Verpackung enth\u00e4lt pflanzliche Materialien<\/li>\n<\/ul>\n","protected":false},"excerpt":{"rendered":"<p>Pampers Harmonie Windeln sind dermatologisch getestet und hypoallergen (*entworfen, um das Risiko von Allergien zu minimieren) Hergestellt aus hochwertiger Baumwolle und weichen Fasern pflanzlichen Ursprungs (15% Baumwolle im Au\u00dfenvier) Ohne Lotion, Parf\u00fcm und keine der 26 von der EU aufgelisteten Allergene. Bis zu 12 Stunden trocken Zellulose aus verantwortungsvoll verwalteten Quellen Zertifiziert durch das unabh\u00e4ngige [&hellip;]<\/p>\n","protected":false},"featured_media":580,"comment_status":"closed","ping_status":"closed","template":"","meta":[],"product_cat":[],"product_tag":[],"_links":{"self":[{"href":"https:\/\/goposchte24.de\/index.php\/wp-json\/wp\/v2\/product\/579"}],"collection":[{"href":"https:\/\/goposchte24.de\/index.php\/wp-json\/wp\/v2\/product"}],"about":[{"href":"https:\/\/goposchte24.de\/index.php\/wp-json\/wp\/v2\/types\/product"}],"replies":[{"embeddable":true,"href":"https:\/\/goposchte24.de\/index.php\/wp-json\/wp\/v2\/comments?post=579"}],"wp:featuredmedia":[{"embeddable":true,"href":"https:\/\/goposchte24.de\/index.php\/wp-json\/wp\/v2\/media\/580"}],"wp:attachment":[{"href":"https:\/\/goposchte24.de\/index.php\/wp-json\/wp\/v2\/media?parent=579"}],"wp:term":[{"taxonomy":"product_cat","embeddable":true,"href":"https:\/\/goposchte24.de\/index.php\/wp-json\/wp\/v2\/product_cat?post=579"},{"taxonomy":"product_tag","embeddable":true,"href":"https:\/\/goposchte24.de\/index.php\/wp-json\/wp\/v2\/product_tag?post=579"}],"curies":[{"name":"wp","href":"https:\/\/api.w.org\/{rel}","templated":true}]}}