{"id":577,"date":"2023-08-30T15:51:24","date_gmt":"2023-08-30T15:51:24","guid":{"rendered":"https:\/\/goposchte24.de\/index.php\/product\/always-discreet-binden-bei-blasenschwache-normal-format-eco-x-4-pack-mit-12-stuck\/"},"modified":"2023-09-29T22:44:49","modified_gmt":"2023-09-29T21:44:49","slug":"always-discreet-binden-bei-blasenschwache-normal-format-eco-x-4-pack-mit-12-stuck","status":"publish","type":"product","link":"https:\/\/goposchte24.de\/index.php\/product\/always-discreet-binden-bei-blasenschwache-normal-format-eco-x-4-pack-mit-12-stuck\/","title":{"rendered":"Always Discreet Binden bei Blasenschw\u00e4che Normal Format Eco x 4 \u2013 Pack mit 12 St\u00fcck"},"content":{"rendered":"<ul class=\"amazon_features\">\n<li>Always Discreet bei Blasenschw\u00e4che. RapidDry-Technologie und OdourLock-Schutz<\/li>\n<li>Einzigartige DualLock Core Doppel-Absorptionszone. Hilft, Ger\u00fcche und Feuchtigkeit zu halten<\/li>\n<li>Extra lange Auslaufsperre verhindert Auslaufen<\/li>\n<li>D\u00fcnn und flexibel auch bei N\u00e4sse. Diskret<\/li>\n<li>Individuelle H\u00fcllen diskret wiederverschlie\u00dfbar und wegwerfbar<\/li>\n<\/ul>\n","protected":false},"excerpt":{"rendered":"<p>Always Discreet bei Blasenschw\u00e4che. RapidDry-Technologie und OdourLock-Schutz Einzigartige DualLock Core Doppel-Absorptionszone. Hilft, Ger\u00fcche und Feuchtigkeit zu halten Extra lange Auslaufsperre verhindert Auslaufen D\u00fcnn und flexibel auch bei N\u00e4sse. Diskret Individuelle H\u00fcllen diskret wiederverschlie\u00dfbar und wegwerfbar<\/p>\n","protected":false},"featured_media":578,"comment_status":"closed","ping_status":"closed","template":"","meta":[],"product_cat":[],"product_tag":[],"_links":{"self":[{"href":"https:\/\/goposchte24.de\/index.php\/wp-json\/wp\/v2\/product\/577"}],"collection":[{"href":"https:\/\/goposchte24.de\/index.php\/wp-json\/wp\/v2\/product"}],"about":[{"href":"https:\/\/goposchte24.de\/index.php\/wp-json\/wp\/v2\/types\/product"}],"replies":[{"embeddable":true,"href":"https:\/\/goposchte24.de\/index.php\/wp-json\/wp\/v2\/comments?post=577"}],"wp:featuredmedia":[{"embeddable":true,"href":"https:\/\/goposchte24.de\/index.php\/wp-json\/wp\/v2\/media\/578"}],"wp:attachment":[{"href":"https:\/\/goposchte24.de\/index.php\/wp-json\/wp\/v2\/media?parent=577"}],"wp:term":[{"taxonomy":"product_cat","embeddable":true,"href":"https:\/\/goposchte24.de\/index.php\/wp-json\/wp\/v2\/product_cat?post=577"},{"taxonomy":"product_tag","embeddable":true,"href":"https:\/\/goposchte24.de\/index.php\/wp-json\/wp\/v2\/product_tag?post=577"}],"curies":[{"name":"wp","href":"https:\/\/api.w.org\/{rel}","templated":true}]}}