{"id":567,"date":"2023-08-31T20:18:02","date_gmt":"2023-08-31T20:18:02","guid":{"rendered":"https:\/\/goposchte24.de\/index.php\/product\/pampers-baby-windeln-grose-2-4-8kg-premium-protection-mini-240-stuck-alte-version\/"},"modified":"2023-09-29T22:44:40","modified_gmt":"2023-09-29T21:44:40","slug":"pampers-baby-windeln-grose-2-4-8kg-premium-protection-mini-240-stuck-alte-version","status":"publish","type":"product","link":"https:\/\/goposchte24.de\/index.php\/product\/pampers-baby-windeln-grose-2-4-8kg-premium-protection-mini-240-stuck-alte-version\/","title":{"rendered":"Pampers Baby Windeln Gr\u00f6\u00dfe 2 (4-8kg) Premium Protection, Mini, 240 St\u00fcck, Alte Version"},"content":{"rendered":"<ul class=\"amazon_features\">\n<li>Pampers Baby Windeln Gr\u00f6\u00dfe 2 (4-8kg) Premium Protection, Mini, 240 St\u00fcck, Alte Version<\/li>\n<\/ul>\n","protected":false},"excerpt":{"rendered":"<p>Pampers Baby Windeln Gr\u00f6\u00dfe 2 (4-8kg) Premium Protection, Mini, 240 St\u00fcck, Alte Version<\/p>\n","protected":false},"featured_media":568,"comment_status":"closed","ping_status":"closed","template":"","meta":[],"product_cat":[],"product_tag":[],"_links":{"self":[{"href":"https:\/\/goposchte24.de\/index.php\/wp-json\/wp\/v2\/product\/567"}],"collection":[{"href":"https:\/\/goposchte24.de\/index.php\/wp-json\/wp\/v2\/product"}],"about":[{"href":"https:\/\/goposchte24.de\/index.php\/wp-json\/wp\/v2\/types\/product"}],"replies":[{"embeddable":true,"href":"https:\/\/goposchte24.de\/index.php\/wp-json\/wp\/v2\/comments?post=567"}],"wp:featuredmedia":[{"embeddable":true,"href":"https:\/\/goposchte24.de\/index.php\/wp-json\/wp\/v2\/media\/568"}],"wp:attachment":[{"href":"https:\/\/goposchte24.de\/index.php\/wp-json\/wp\/v2\/media?parent=567"}],"wp:term":[{"taxonomy":"product_cat","embeddable":true,"href":"https:\/\/goposchte24.de\/index.php\/wp-json\/wp\/v2\/product_cat?post=567"},{"taxonomy":"product_tag","embeddable":true,"href":"https:\/\/goposchte24.de\/index.php\/wp-json\/wp\/v2\/product_tag?post=567"}],"curies":[{"name":"wp","href":"https:\/\/api.w.org\/{rel}","templated":true}]}}