{"id":559,"date":"2023-09-20T20:22:59","date_gmt":"2023-09-20T20:22:59","guid":{"rendered":"https:\/\/goposchte24.de\/index.php\/product\/abena-light-super-grose-4-30-anatomische-schutzservietten\/"},"modified":"2023-09-29T22:44:33","modified_gmt":"2023-09-29T21:44:33","slug":"abena-light-super-grose-4-30-anatomische-schutzservietten","status":"publish","type":"product","link":"https:\/\/goposchte24.de\/index.php\/product\/abena-light-super-grose-4-30-anatomische-schutzservietten\/","title":{"rendered":"Abena Light Super | Gr\u00f6\u00dfe 4 | 30 anatomische Schutzservietten"},"content":{"rendered":"<ul class=\"amazon_features\">\n<li>optimalen Komfort und Diskretion<\/li>\n<li>Weiche und zuverl\u00e4ssige flache l\u00e4ngs seitliche Barrieren<\/li>\n<li>Einzigartige TopDry-System, stellen eine trockene Oberfl\u00e4che und schnelle Fl\u00fcssigkeitsaufnahme w\u00e4hrend bieten komplette Atmungsaktivit\u00e4t<\/li>\n<li>Odour System, keine b\u00f6sen Geruch Minimierung<\/li>\n<li>Gr\u00f6\u00dfen mini-extra Plus sind einzeln verpackt<\/li>\n<\/ul>\n","protected":false},"excerpt":{"rendered":"<p>optimalen Komfort und Diskretion Weiche und zuverl\u00e4ssige flache l\u00e4ngs seitliche Barrieren Einzigartige TopDry-System, stellen eine trockene Oberfl\u00e4che und schnelle Fl\u00fcssigkeitsaufnahme w\u00e4hrend bieten komplette Atmungsaktivit\u00e4t Odour System, keine b\u00f6sen Geruch Minimierung Gr\u00f6\u00dfen mini-extra Plus sind einzeln verpackt<\/p>\n","protected":false},"featured_media":560,"comment_status":"closed","ping_status":"closed","template":"","meta":[],"product_cat":[],"product_tag":[],"_links":{"self":[{"href":"https:\/\/goposchte24.de\/index.php\/wp-json\/wp\/v2\/product\/559"}],"collection":[{"href":"https:\/\/goposchte24.de\/index.php\/wp-json\/wp\/v2\/product"}],"about":[{"href":"https:\/\/goposchte24.de\/index.php\/wp-json\/wp\/v2\/types\/product"}],"replies":[{"embeddable":true,"href":"https:\/\/goposchte24.de\/index.php\/wp-json\/wp\/v2\/comments?post=559"}],"wp:featuredmedia":[{"embeddable":true,"href":"https:\/\/goposchte24.de\/index.php\/wp-json\/wp\/v2\/media\/560"}],"wp:attachment":[{"href":"https:\/\/goposchte24.de\/index.php\/wp-json\/wp\/v2\/media?parent=559"}],"wp:term":[{"taxonomy":"product_cat","embeddable":true,"href":"https:\/\/goposchte24.de\/index.php\/wp-json\/wp\/v2\/product_cat?post=559"},{"taxonomy":"product_tag","embeddable":true,"href":"https:\/\/goposchte24.de\/index.php\/wp-json\/wp\/v2\/product_tag?post=559"}],"curies":[{"name":"wp","href":"https:\/\/api.w.org\/{rel}","templated":true}]}}