{"id":543,"date":"2023-09-06T14:58:47","date_gmt":"2023-09-06T14:58:47","guid":{"rendered":"https:\/\/goposchte24.de\/index.php\/product\/pampers-splashers-einweg-windeln-grose-4-5-9-15-kg-fur-optimalen-schutz-im-wasser-11-windeln\/"},"modified":"2023-09-29T22:44:19","modified_gmt":"2023-09-29T21:44:19","slug":"pampers-splashers-einweg-windeln-grose-4-5-9-15-kg-fur-optimalen-schutz-im-wasser-11-windeln","status":"publish","type":"product","link":"https:\/\/goposchte24.de\/index.php\/product\/pampers-splashers-einweg-windeln-grose-4-5-9-15-kg-fur-optimalen-schutz-im-wasser-11-windeln\/","title":{"rendered":"Pampers Splashers Einweg-Windeln, Gr\u00f6\u00dfe 4-5 (9-15 kg) f\u00fcr optimalen Schutz im Wasser, 11 Windeln"},"content":{"rendered":"<ul class=\"amazon_features\">\n<li>Pampers Splashers Einweg-Badewindeln \u2013 speziell entwickelt, um den Pool, das Meer und das Spielen im Wasserpark voll zu genie\u00dfen<\/li>\n<li>Im Gegensatz zu herk\u00f6mmlichen Windeln werden sie nicht im Wasser aufblasen, um Komfort und Passform auch im Wasser zu bieten<\/li>\n<li>Die auslaufsicheren Doppelbarriere passen sich den Oberschenkeln Ihres Babys an, um ein Auslaufen zu verhindern<\/li>\n<li>Extra dehnbarer 360\u00b0 G\u00fcrtel, um Ihrem Baby den Komfort eines Badeanzugs zu bieten<\/li>\n<li>Die Seiten sind leicht abrei\u00dfbar, um das Wechseln zu vereinfachen<\/li>\n<li>Mit lustigen Wassermotiven sehen sie aus wie echte Badeanz\u00fcge<\/li>\n<\/ul>\n","protected":false},"excerpt":{"rendered":"<p>Pampers Splashers Einweg-Badewindeln \u2013 speziell entwickelt, um den Pool, das Meer und das Spielen im Wasserpark voll zu genie\u00dfen Im Gegensatz zu herk\u00f6mmlichen Windeln werden sie nicht im Wasser aufblasen, um Komfort und Passform auch im Wasser zu bieten Die auslaufsicheren Doppelbarriere passen sich den Oberschenkeln Ihres Babys an, um ein Auslaufen zu verhindern Extra [&hellip;]<\/p>\n","protected":false},"featured_media":544,"comment_status":"closed","ping_status":"closed","template":"","meta":[],"product_cat":[],"product_tag":[],"_links":{"self":[{"href":"https:\/\/goposchte24.de\/index.php\/wp-json\/wp\/v2\/product\/543"}],"collection":[{"href":"https:\/\/goposchte24.de\/index.php\/wp-json\/wp\/v2\/product"}],"about":[{"href":"https:\/\/goposchte24.de\/index.php\/wp-json\/wp\/v2\/types\/product"}],"replies":[{"embeddable":true,"href":"https:\/\/goposchte24.de\/index.php\/wp-json\/wp\/v2\/comments?post=543"}],"wp:featuredmedia":[{"embeddable":true,"href":"https:\/\/goposchte24.de\/index.php\/wp-json\/wp\/v2\/media\/544"}],"wp:attachment":[{"href":"https:\/\/goposchte24.de\/index.php\/wp-json\/wp\/v2\/media?parent=543"}],"wp:term":[{"taxonomy":"product_cat","embeddable":true,"href":"https:\/\/goposchte24.de\/index.php\/wp-json\/wp\/v2\/product_cat?post=543"},{"taxonomy":"product_tag","embeddable":true,"href":"https:\/\/goposchte24.de\/index.php\/wp-json\/wp\/v2\/product_tag?post=543"}],"curies":[{"name":"wp","href":"https:\/\/api.w.org\/{rel}","templated":true}]}}