{"id":527,"date":"2023-09-06T14:58:22","date_gmt":"2023-09-06T14:58:22","guid":{"rendered":"https:\/\/goposchte24.de\/index.php\/product\/pampers-splashers-grose-4-5-4-packungen-x-11-einweg-schwimmwindeln\/"},"modified":"2023-09-29T22:44:07","modified_gmt":"2023-09-29T21:44:07","slug":"pampers-splashers-grose-4-5-4-packungen-x-11-einweg-schwimmwindeln","status":"publish","type":"product","link":"https:\/\/goposchte24.de\/index.php\/product\/pampers-splashers-grose-4-5-4-packungen-x-11-einweg-schwimmwindeln\/","title":{"rendered":"Pampers Splashers Gr\u00f6\u00dfe\u00a04-5 (4 Packungen x 11\u00a0Einweg-Schwimmwindeln)"},"content":{"rendered":"<ul class=\"amazon_features\">\n<li>Pampers Splashers Einweg-Schwimmhose f\u00fcr Wasserspa\u00df am Pool, Strand und Planschpark<\/li>\n<li>Quillt nicht im Wasser auf, wie normale Windeln, f\u00fcr eine bequeme Passform, wenn nass oder trocken ist<\/li>\n<li>Doppelter Auslaufschutz Barrieren passen eng um die Beine des Babys, um Unordnung aufzufangen<\/li>\n<li>Der 360-Grad-Bund bietet eine rundum dehnbare Passform, die wie Badebekleidung passt<\/li>\n<li>Leicht abrei\u00dfbare Seiten erm\u00f6glichen schnelles und einfaches Entfernen<\/li>\n<\/ul>\n","protected":false},"excerpt":{"rendered":"<p>Pampers Splashers Einweg-Schwimmhose f\u00fcr Wasserspa\u00df am Pool, Strand und Planschpark Quillt nicht im Wasser auf, wie normale Windeln, f\u00fcr eine bequeme Passform, wenn nass oder trocken ist Doppelter Auslaufschutz Barrieren passen eng um die Beine des Babys, um Unordnung aufzufangen Der 360-Grad-Bund bietet eine rundum dehnbare Passform, die wie Badebekleidung passt Leicht abrei\u00dfbare Seiten erm\u00f6glichen [&hellip;]<\/p>\n","protected":false},"featured_media":528,"comment_status":"closed","ping_status":"closed","template":"","meta":[],"product_cat":[],"product_tag":[],"_links":{"self":[{"href":"https:\/\/goposchte24.de\/index.php\/wp-json\/wp\/v2\/product\/527"}],"collection":[{"href":"https:\/\/goposchte24.de\/index.php\/wp-json\/wp\/v2\/product"}],"about":[{"href":"https:\/\/goposchte24.de\/index.php\/wp-json\/wp\/v2\/types\/product"}],"replies":[{"embeddable":true,"href":"https:\/\/goposchte24.de\/index.php\/wp-json\/wp\/v2\/comments?post=527"}],"wp:featuredmedia":[{"embeddable":true,"href":"https:\/\/goposchte24.de\/index.php\/wp-json\/wp\/v2\/media\/528"}],"wp:attachment":[{"href":"https:\/\/goposchte24.de\/index.php\/wp-json\/wp\/v2\/media?parent=527"}],"wp:term":[{"taxonomy":"product_cat","embeddable":true,"href":"https:\/\/goposchte24.de\/index.php\/wp-json\/wp\/v2\/product_cat?post=527"},{"taxonomy":"product_tag","embeddable":true,"href":"https:\/\/goposchte24.de\/index.php\/wp-json\/wp\/v2\/product_tag?post=527"}],"curies":[{"name":"wp","href":"https:\/\/api.w.org\/{rel}","templated":true}]}}