{"id":508,"date":"2023-08-30T15:36:21","date_gmt":"2023-08-30T15:36:21","guid":{"rendered":"https:\/\/goposchte24.de\/index.php\/product\/ariel-waschmittel-all-in-1-pods-farbe-waschmittel-98-waschladungen\/"},"modified":"2023-09-29T22:43:52","modified_gmt":"2023-09-29T21:43:52","slug":"ariel-waschmittel-all-in-1-pods-farbe-waschmittel-98-waschladungen","status":"publish","type":"product","link":"https:\/\/goposchte24.de\/index.php\/product\/ariel-waschmittel-all-in-1-pods-farbe-waschmittel-98-waschladungen\/","title":{"rendered":"Ariel Waschmittel All-in-1 Pods, Farbe Waschmittel, 98 Waschladungen"},"content":{"rendered":"<ul class=\"amazon_features\">\n<li>Ausgezeichnete Fleckenentfernung beim 1.\u00a0Waschen, selbst in kaltem Wasser<\/li>\n<li>Sch\u00fctzt die Farben der Kleidung<\/li>\n<li>Strahlende Farben und frische Kleidung<\/li>\n<li>Wasserl\u00f6sliche und biologisch abbaubare H\u00fclle<\/li>\n<li>Einfache Handhabung: kein Dosieren n\u00f6tig<\/li>\n<li>Enth\u00e4lt Tetrahydrolinalool, Isoeugenol Kann allergische Reaktionen hervorrufen<\/li>\n<\/ul>\n","protected":false},"excerpt":{"rendered":"<p>Ausgezeichnete Fleckenentfernung beim 1.\u00a0Waschen, selbst in kaltem Wasser Sch\u00fctzt die Farben der Kleidung Strahlende Farben und frische Kleidung Wasserl\u00f6sliche und biologisch abbaubare H\u00fclle Einfache Handhabung: kein Dosieren n\u00f6tig Enth\u00e4lt Tetrahydrolinalool, Isoeugenol Kann allergische Reaktionen hervorrufen<\/p>\n","protected":false},"featured_media":509,"comment_status":"closed","ping_status":"closed","template":"","meta":[],"product_cat":[],"product_tag":[],"_links":{"self":[{"href":"https:\/\/goposchte24.de\/index.php\/wp-json\/wp\/v2\/product\/508"}],"collection":[{"href":"https:\/\/goposchte24.de\/index.php\/wp-json\/wp\/v2\/product"}],"about":[{"href":"https:\/\/goposchte24.de\/index.php\/wp-json\/wp\/v2\/types\/product"}],"replies":[{"embeddable":true,"href":"https:\/\/goposchte24.de\/index.php\/wp-json\/wp\/v2\/comments?post=508"}],"wp:featuredmedia":[{"embeddable":true,"href":"https:\/\/goposchte24.de\/index.php\/wp-json\/wp\/v2\/media\/509"}],"wp:attachment":[{"href":"https:\/\/goposchte24.de\/index.php\/wp-json\/wp\/v2\/media?parent=508"}],"wp:term":[{"taxonomy":"product_cat","embeddable":true,"href":"https:\/\/goposchte24.de\/index.php\/wp-json\/wp\/v2\/product_cat?post=508"},{"taxonomy":"product_tag","embeddable":true,"href":"https:\/\/goposchte24.de\/index.php\/wp-json\/wp\/v2\/product_tag?post=508"}],"curies":[{"name":"wp","href":"https:\/\/api.w.org\/{rel}","templated":true}]}}