{"id":500,"date":"2023-08-30T13:52:12","date_gmt":"2023-08-30T13:52:12","guid":{"rendered":"https:\/\/goposchte24.de\/index.php\/product\/huggies-drynites-madchen-teenager-pyjamahose-grosen-8-15-jahre-diskrete-nachtwasche-mit-spannenden-designs-maximaler-schutz-fur-teenager-bettnassen-9-hosen\/"},"modified":"2023-09-29T22:43:47","modified_gmt":"2023-09-29T21:43:47","slug":"huggies-drynites-madchen-teenager-pyjamahose-grosen-8-15-jahre-diskrete-nachtwasche-mit-spannenden-designs-maximaler-schutz-fur-teenager-bettnassen-9-hosen","status":"publish","type":"product","link":"https:\/\/goposchte24.de\/index.php\/product\/huggies-drynites-madchen-teenager-pyjamahose-grosen-8-15-jahre-diskrete-nachtwasche-mit-spannenden-designs-maximaler-schutz-fur-teenager-bettnassen-9-hosen\/","title":{"rendered":"Huggies DryNites M\u00e4dchen Teenager Pyjamahose &#8211; Gr\u00f6\u00dfen 8-15 Jahre &#8211; Diskrete Nachtw\u00e4sche mit spannenden Designs &#8211; maximaler Schutz f\u00fcr Teenager-Bettn\u00e4ssen (9 Hosen)"},"content":{"rendered":"<ul class=\"amazon_features\">\n<li>Entworfen f\u00fcr Diskretion \u2013 Hergestellt aus leisen Materialien f\u00fcr weniger Rascheln unter den Laken und sieht aus und f\u00fchlt sich an wie echte Unterw\u00e4sche. DryNites Windeln f\u00fcr die Nacht sind dank eines niedrigen Bunds und des diskreten Designs leicht unter dem Schlafanzug Ihrer Tochter versteckt<\/li>\n<li>Extra saugf\u00e4hig \u2013 DryNites haben geschlechtsspezifische Saugf\u00e4higkeit, abgestimmt auf die Anatomie Ihrer Tochter. Plus 5 Schutzschichten f\u00fcr unschlagbare Trockenheit Dadurch sind sie noch saugf\u00e4higer als normale Windeln oder Trainingshosen<\/li>\n<li>Lustige und aufregende Designs \u2013 unsere 3-5 und 4-7 gealterten Gr\u00f6\u00dfen verf\u00fcgen \u00fcber coole Designs, um das Schlafengehen Spa\u00df zu machen. F\u00fcr unsere 8-15 Teen Produkte sind die Designs einfach und zielen darauf ab, wie echte Unterw\u00e4sche auszusehen<\/li>\n<li>Weich und bequem \u2013 Hergestellt aus superweichen Materialien, passt sich DryNites dem K\u00f6rper Ihres Kindes an, f\u00fchlt sich so geschmeidig an wie Unterw\u00e4sche, aber mit dem zus\u00e4tzlichen Schutz von Nachtwindeln. Ihre Tochter wird erholsame N\u00e4chte mit zus\u00e4tzlichem Schutz f\u00fcr Windeln genie\u00dfen<\/li>\n<li>Schutz f\u00fcr 8\u201315 Jahre alte \u2013 Huggies DryNites Pyjamahosen f\u00fcr M\u00e4dchen sind ideal f\u00fcr selbstbewusste Jugendliche. Hergestellt aus altersgerechten Designs und diskreten Materialien, sehen unsere Nachthosen aus wie eine echte Unterw\u00e4sche<\/li>\n<\/ul>\n","protected":false},"excerpt":{"rendered":"<p>Entworfen f\u00fcr Diskretion \u2013 Hergestellt aus leisen Materialien f\u00fcr weniger Rascheln unter den Laken und sieht aus und f\u00fchlt sich an wie echte Unterw\u00e4sche. DryNites Windeln f\u00fcr die Nacht sind dank eines niedrigen Bunds und des diskreten Designs leicht unter dem Schlafanzug Ihrer Tochter versteckt Extra saugf\u00e4hig \u2013 DryNites haben geschlechtsspezifische Saugf\u00e4higkeit, abgestimmt auf die [&hellip;]<\/p>\n","protected":false},"featured_media":501,"comment_status":"closed","ping_status":"closed","template":"","meta":[],"product_cat":[],"product_tag":[],"_links":{"self":[{"href":"https:\/\/goposchte24.de\/index.php\/wp-json\/wp\/v2\/product\/500"}],"collection":[{"href":"https:\/\/goposchte24.de\/index.php\/wp-json\/wp\/v2\/product"}],"about":[{"href":"https:\/\/goposchte24.de\/index.php\/wp-json\/wp\/v2\/types\/product"}],"replies":[{"embeddable":true,"href":"https:\/\/goposchte24.de\/index.php\/wp-json\/wp\/v2\/comments?post=500"}],"wp:featuredmedia":[{"embeddable":true,"href":"https:\/\/goposchte24.de\/index.php\/wp-json\/wp\/v2\/media\/501"}],"wp:attachment":[{"href":"https:\/\/goposchte24.de\/index.php\/wp-json\/wp\/v2\/media?parent=500"}],"wp:term":[{"taxonomy":"product_cat","embeddable":true,"href":"https:\/\/goposchte24.de\/index.php\/wp-json\/wp\/v2\/product_cat?post=500"},{"taxonomy":"product_tag","embeddable":true,"href":"https:\/\/goposchte24.de\/index.php\/wp-json\/wp\/v2\/product_tag?post=500"}],"curies":[{"name":"wp","href":"https:\/\/api.w.org\/{rel}","templated":true}]}}