{"id":498,"date":"2023-09-20T20:21:42","date_gmt":"2023-09-20T20:21:42","guid":{"rendered":"https:\/\/goposchte24.de\/index.php\/product\/abena-licht-abena-licht-super-4-6er-pack-6-x-30-stuck\/"},"modified":"2023-09-29T22:43:45","modified_gmt":"2023-09-29T21:43:45","slug":"abena-licht-abena-licht-super-4-6er-pack-6-x-30-stuck","status":"publish","type":"product","link":"https:\/\/goposchte24.de\/index.php\/product\/abena-licht-abena-licht-super-4-6er-pack-6-x-30-stuck\/","title":{"rendered":"Abena Licht Abena Licht Super 4, 6er Pack (6 x 30 St\u00fcck)"},"content":{"rendered":"<ul class=\"amazon_features\">\n<li>Optimalen Komfort Und Diskretion<\/li>\n<li>Weiche Und Zuverl\u00e4ssige Flache L\u00e4nge M\u00f6glichkeiten Seitliche Barrieren<\/li>\n<li>Einzigartige Topdry-System, Stellen Eine Trockene Oberfl\u00e4che Und Schnelle Fl\u00fcssigkeitsaufnahme W\u00e4hrend Bieten Komplette Atmungsaktivit\u00e4t<\/li>\n<li>Geruch-System, Keine B\u00f6sen Geruch Minimierung<\/li>\n<\/ul>\n","protected":false},"excerpt":{"rendered":"<p>Optimalen Komfort Und Diskretion Weiche Und Zuverl\u00e4ssige Flache L\u00e4nge M\u00f6glichkeiten Seitliche Barrieren Einzigartige Topdry-System, Stellen Eine Trockene Oberfl\u00e4che Und Schnelle Fl\u00fcssigkeitsaufnahme W\u00e4hrend Bieten Komplette Atmungsaktivit\u00e4t Geruch-System, Keine B\u00f6sen Geruch Minimierung<\/p>\n","protected":false},"featured_media":499,"comment_status":"closed","ping_status":"closed","template":"","meta":[],"product_cat":[],"product_tag":[],"_links":{"self":[{"href":"https:\/\/goposchte24.de\/index.php\/wp-json\/wp\/v2\/product\/498"}],"collection":[{"href":"https:\/\/goposchte24.de\/index.php\/wp-json\/wp\/v2\/product"}],"about":[{"href":"https:\/\/goposchte24.de\/index.php\/wp-json\/wp\/v2\/types\/product"}],"replies":[{"embeddable":true,"href":"https:\/\/goposchte24.de\/index.php\/wp-json\/wp\/v2\/comments?post=498"}],"wp:featuredmedia":[{"embeddable":true,"href":"https:\/\/goposchte24.de\/index.php\/wp-json\/wp\/v2\/media\/499"}],"wp:attachment":[{"href":"https:\/\/goposchte24.de\/index.php\/wp-json\/wp\/v2\/media?parent=498"}],"wp:term":[{"taxonomy":"product_cat","embeddable":true,"href":"https:\/\/goposchte24.de\/index.php\/wp-json\/wp\/v2\/product_cat?post=498"},{"taxonomy":"product_tag","embeddable":true,"href":"https:\/\/goposchte24.de\/index.php\/wp-json\/wp\/v2\/product_tag?post=498"}],"curies":[{"name":"wp","href":"https:\/\/api.w.org\/{rel}","templated":true}]}}