{"id":494,"date":"2023-08-31T20:20:32","date_gmt":"2023-08-31T20:20:32","guid":{"rendered":"https:\/\/goposchte24.de\/index.php\/product\/pampers-harmonie-grose-3-74-windeln-6-10-kg-2-stuck\/"},"modified":"2023-09-29T22:43:42","modified_gmt":"2023-09-29T21:43:42","slug":"pampers-harmonie-grose-3-74-windeln-6-10-kg-2-stuck","status":"publish","type":"product","link":"https:\/\/goposchte24.de\/index.php\/product\/pampers-harmonie-grose-3-74-windeln-6-10-kg-2-stuck\/","title":{"rendered":"Pampers Harmonie Gr\u00f6\u00dfe 3 74 Windeln, 6-10 kg, 2 St\u00fcck"},"content":{"rendered":"<ul class=\"amazon_features\">\n<li>Die Pampers Harmonie Windeln sind dermatologisch getestet und hypoallergen<\/li>\n<li>Die Windeln bestehen aus hochwertiger Baumwolle, weichen Fasern pflanzlichen Ursprungs und anderen sorgf\u00e4ltig ausgew\u00e4hlten Komponenten.<\/li>\n<li>Entworfen ohne Parfum, Naturkautschuk-Latex, chlorgebleicht und ohne die 26 von der EU aufgef\u00fchrten Allergene. Die Pampers Harmonie Windeln enthalten auch keine Lotion<\/li>\n<li>Bis zu 12 Stunden trocken<\/li>\n<li>Mit niedlichen Prints und einer praktischen Pampers Urin-Anzeige<\/li>\n<\/ul>\n","protected":false},"excerpt":{"rendered":"<p>Die Pampers Harmonie Windeln sind dermatologisch getestet und hypoallergen Die Windeln bestehen aus hochwertiger Baumwolle, weichen Fasern pflanzlichen Ursprungs und anderen sorgf\u00e4ltig ausgew\u00e4hlten Komponenten. Entworfen ohne Parfum, Naturkautschuk-Latex, chlorgebleicht und ohne die 26 von der EU aufgef\u00fchrten Allergene. Die Pampers Harmonie Windeln enthalten auch keine Lotion Bis zu 12 Stunden trocken Mit niedlichen Prints und [&hellip;]<\/p>\n","protected":false},"featured_media":495,"comment_status":"closed","ping_status":"closed","template":"","meta":[],"product_cat":[],"product_tag":[],"_links":{"self":[{"href":"https:\/\/goposchte24.de\/index.php\/wp-json\/wp\/v2\/product\/494"}],"collection":[{"href":"https:\/\/goposchte24.de\/index.php\/wp-json\/wp\/v2\/product"}],"about":[{"href":"https:\/\/goposchte24.de\/index.php\/wp-json\/wp\/v2\/types\/product"}],"replies":[{"embeddable":true,"href":"https:\/\/goposchte24.de\/index.php\/wp-json\/wp\/v2\/comments?post=494"}],"wp:featuredmedia":[{"embeddable":true,"href":"https:\/\/goposchte24.de\/index.php\/wp-json\/wp\/v2\/media\/495"}],"wp:attachment":[{"href":"https:\/\/goposchte24.de\/index.php\/wp-json\/wp\/v2\/media?parent=494"}],"wp:term":[{"taxonomy":"product_cat","embeddable":true,"href":"https:\/\/goposchte24.de\/index.php\/wp-json\/wp\/v2\/product_cat?post=494"},{"taxonomy":"product_tag","embeddable":true,"href":"https:\/\/goposchte24.de\/index.php\/wp-json\/wp\/v2\/product_tag?post=494"}],"curies":[{"name":"wp","href":"https:\/\/api.w.org\/{rel}","templated":true}]}}