{"id":492,"date":"2023-09-19T08:56:44","date_gmt":"2023-09-19T08:56:44","guid":{"rendered":"https:\/\/goposchte24.de\/index.php\/product\/pampers-harmonie-aqua-feuchttucher-fur-babys-und-kinder-192-stuck-4-x-48-perfekter-schutz-fur-die-empfindliche-babyhaut-hergestellt-aus-99-reinwasser\/"},"modified":"2023-09-29T22:43:40","modified_gmt":"2023-09-29T21:43:40","slug":"pampers-harmonie-aqua-feuchttucher-fur-babys-und-kinder-192-stuck-4-x-48-perfekter-schutz-fur-die-empfindliche-babyhaut-hergestellt-aus-99-reinwasser","status":"publish","type":"product","link":"https:\/\/goposchte24.de\/index.php\/product\/pampers-harmonie-aqua-feuchttucher-fur-babys-und-kinder-192-stuck-4-x-48-perfekter-schutz-fur-die-empfindliche-babyhaut-hergestellt-aus-99-reinwasser\/","title":{"rendered":"Pampers Harmonie Aqua Feuchtt\u00fccher F\u00fcr Babys und Kinder 192 St\u00fcck (4 x 48), Perfekter Schutz f\u00fcr die empfindliche Babyhaut, Hergestellt aus 99% Reinwasser"},"content":{"rendered":"<ul class=\"amazon_features\">\n<li>Perfekter Schutz f\u00fcr die empfindliche Babyhaut &#8211; 99% Wasser. Sanfte Reinigung<\/li>\n<li>Feuchtt\u00fccher aus 100% pflanzlichen Fasern und ohne Kunststoffe<\/li>\n<li>Standard 100 by Oeko-Tex<\/li>\n<li>Einzigartige Formel und erstklassige Baumwolle-Qualit\u00e4t. Federweich &#8211; geeignet f\u00fcr die zarte Babyhaut<\/li>\n<li>0% Alkohol, Duftstoffe und Farbstoffe<\/li>\n<\/ul>\n","protected":false},"excerpt":{"rendered":"<p>Perfekter Schutz f\u00fcr die empfindliche Babyhaut &#8211; 99% Wasser. Sanfte Reinigung Feuchtt\u00fccher aus 100% pflanzlichen Fasern und ohne Kunststoffe Standard 100 by Oeko-Tex Einzigartige Formel und erstklassige Baumwolle-Qualit\u00e4t. Federweich &#8211; geeignet f\u00fcr die zarte Babyhaut 0% Alkohol, Duftstoffe und Farbstoffe<\/p>\n","protected":false},"featured_media":493,"comment_status":"closed","ping_status":"closed","template":"","meta":[],"product_cat":[],"product_tag":[],"_links":{"self":[{"href":"https:\/\/goposchte24.de\/index.php\/wp-json\/wp\/v2\/product\/492"}],"collection":[{"href":"https:\/\/goposchte24.de\/index.php\/wp-json\/wp\/v2\/product"}],"about":[{"href":"https:\/\/goposchte24.de\/index.php\/wp-json\/wp\/v2\/types\/product"}],"replies":[{"embeddable":true,"href":"https:\/\/goposchte24.de\/index.php\/wp-json\/wp\/v2\/comments?post=492"}],"wp:featuredmedia":[{"embeddable":true,"href":"https:\/\/goposchte24.de\/index.php\/wp-json\/wp\/v2\/media\/493"}],"wp:attachment":[{"href":"https:\/\/goposchte24.de\/index.php\/wp-json\/wp\/v2\/media?parent=492"}],"wp:term":[{"taxonomy":"product_cat","embeddable":true,"href":"https:\/\/goposchte24.de\/index.php\/wp-json\/wp\/v2\/product_cat?post=492"},{"taxonomy":"product_tag","embeddable":true,"href":"https:\/\/goposchte24.de\/index.php\/wp-json\/wp\/v2\/product_tag?post=492"}],"curies":[{"name":"wp","href":"https:\/\/api.w.org\/{rel}","templated":true}]}}