{"id":478,"date":"2023-08-30T13:52:49","date_gmt":"2023-08-30T13:52:49","guid":{"rendered":"https:\/\/goposchte24.de\/index.php\/product\/huggies-drynites-13-hoschen-fur-die-nacht-madchen-8-15-jahre-27-57-kg\/"},"modified":"2023-09-29T22:43:29","modified_gmt":"2023-09-29T21:43:29","slug":"huggies-drynites-13-hoschen-fur-die-nacht-madchen-8-15-jahre-27-57-kg","status":"publish","type":"product","link":"https:\/\/goposchte24.de\/index.php\/product\/huggies-drynites-13-hoschen-fur-die-nacht-madchen-8-15-jahre-27-57-kg\/","title":{"rendered":"Huggies DryNites, 13\u00a0H\u00f6schen f\u00fcr die Nacht M\u00e4dchen 8\u00a0\u2013\u00a015\u00a0Jahre (27\u00a0\u2013\u00a057\u00a0kg)"},"content":{"rendered":"<ul class=\"amazon_features\">\n<li>Die H\u00f6schen DryNites sind super bequem und super saugstark<\/li>\n<li>Duchdachte sind f\u00fcr Freude Sie Ihrem Kind oder die M\u00e4dchen<\/li>\n<li>Dank den spezifischen Zeichnungen, differenziert f\u00fcr Gr\u00f6\u00dfe und Geschlecht, wird f\u00fcr Sie eine Freude an<\/li>\n<li>In jeder Packung DryNites finden Sie zwei verschiedenen Designs so entscheiden mit vorbereiten welche Dekoration ziehen Sie Ihrer Nacht Serena<\/li>\n<\/ul>\n","protected":false},"excerpt":{"rendered":"<p>Die H\u00f6schen DryNites sind super bequem und super saugstark Duchdachte sind f\u00fcr Freude Sie Ihrem Kind oder die M\u00e4dchen Dank den spezifischen Zeichnungen, differenziert f\u00fcr Gr\u00f6\u00dfe und Geschlecht, wird f\u00fcr Sie eine Freude an In jeder Packung DryNites finden Sie zwei verschiedenen Designs so entscheiden mit vorbereiten welche Dekoration ziehen Sie Ihrer Nacht Serena<\/p>\n","protected":false},"featured_media":479,"comment_status":"closed","ping_status":"closed","template":"","meta":[],"product_cat":[],"product_tag":[],"_links":{"self":[{"href":"https:\/\/goposchte24.de\/index.php\/wp-json\/wp\/v2\/product\/478"}],"collection":[{"href":"https:\/\/goposchte24.de\/index.php\/wp-json\/wp\/v2\/product"}],"about":[{"href":"https:\/\/goposchte24.de\/index.php\/wp-json\/wp\/v2\/types\/product"}],"replies":[{"embeddable":true,"href":"https:\/\/goposchte24.de\/index.php\/wp-json\/wp\/v2\/comments?post=478"}],"wp:featuredmedia":[{"embeddable":true,"href":"https:\/\/goposchte24.de\/index.php\/wp-json\/wp\/v2\/media\/479"}],"wp:attachment":[{"href":"https:\/\/goposchte24.de\/index.php\/wp-json\/wp\/v2\/media?parent=478"}],"wp:term":[{"taxonomy":"product_cat","embeddable":true,"href":"https:\/\/goposchte24.de\/index.php\/wp-json\/wp\/v2\/product_cat?post=478"},{"taxonomy":"product_tag","embeddable":true,"href":"https:\/\/goposchte24.de\/index.php\/wp-json\/wp\/v2\/product_tag?post=478"}],"curies":[{"name":"wp","href":"https:\/\/api.w.org\/{rel}","templated":true}]}}