{"id":467,"date":"2023-08-31T21:01:24","date_gmt":"2023-08-31T21:01:24","guid":{"rendered":"https:\/\/goposchte24.de\/index.php\/product\/pampers-premium-protection-windeln-grose-3-midi-6-10-kg-monatsbox-1er-pack-1-x-204-stuck\/"},"modified":"2023-09-29T22:43:21","modified_gmt":"2023-09-29T21:43:21","slug":"pampers-premium-protection-windeln-grose-3-midi-6-10-kg-monatsbox-1er-pack-1-x-204-stuck","status":"publish","type":"product","link":"https:\/\/goposchte24.de\/index.php\/product\/pampers-premium-protection-windeln-grose-3-midi-6-10-kg-monatsbox-1er-pack-1-x-204-stuck\/","title":{"rendered":"Pampers Premium Protection Windeln, Gr\u00f6\u00dfe 3 Midi (6-10 kg) MonatsBox, 1er Pack (1 x 204 St\u00fcck)"},"content":{"rendered":"<ul class=\"amazon_features\">\n<li>Die Windeln wurden speziell daf\u00fcr entwickelt, Ihrem Baby Hautschutz zu geben<\/li>\n<li>Hebammen sind \u00fcberzeugt: Hautvertr\u00e4glichkeit<\/li>\n<li>Umh\u00fcllen Sie Ihr Baby in die seidige Weichheit von Pampers<\/li>\n<li>Drei\u00a0absorbierende Kan\u00e4le helfen, die Feuchtigkeit gleichm\u00e4\u00dfig zu verteilen und sorgen f\u00fcr die beste Trockenheit von Pampers<\/li>\n<li>Der Urin-Indikator der Premium Protection Windel zeigt an, wenn es Zeit f\u00fcr eine frische Windel sein k\u00f6nnte<\/li>\n<\/ul>\n","protected":false},"excerpt":{"rendered":"<p>Die Windeln wurden speziell daf\u00fcr entwickelt, Ihrem Baby Hautschutz zu geben Hebammen sind \u00fcberzeugt: Hautvertr\u00e4glichkeit Umh\u00fcllen Sie Ihr Baby in die seidige Weichheit von Pampers Drei\u00a0absorbierende Kan\u00e4le helfen, die Feuchtigkeit gleichm\u00e4\u00dfig zu verteilen und sorgen f\u00fcr die beste Trockenheit von Pampers Der Urin-Indikator der Premium Protection Windel zeigt an, wenn es Zeit f\u00fcr eine frische [&hellip;]<\/p>\n","protected":false},"featured_media":468,"comment_status":"closed","ping_status":"closed","template":"","meta":[],"product_cat":[],"product_tag":[],"_links":{"self":[{"href":"https:\/\/goposchte24.de\/index.php\/wp-json\/wp\/v2\/product\/467"}],"collection":[{"href":"https:\/\/goposchte24.de\/index.php\/wp-json\/wp\/v2\/product"}],"about":[{"href":"https:\/\/goposchte24.de\/index.php\/wp-json\/wp\/v2\/types\/product"}],"replies":[{"embeddable":true,"href":"https:\/\/goposchte24.de\/index.php\/wp-json\/wp\/v2\/comments?post=467"}],"wp:featuredmedia":[{"embeddable":true,"href":"https:\/\/goposchte24.de\/index.php\/wp-json\/wp\/v2\/media\/468"}],"wp:attachment":[{"href":"https:\/\/goposchte24.de\/index.php\/wp-json\/wp\/v2\/media?parent=467"}],"wp:term":[{"taxonomy":"product_cat","embeddable":true,"href":"https:\/\/goposchte24.de\/index.php\/wp-json\/wp\/v2\/product_cat?post=467"},{"taxonomy":"product_tag","embeddable":true,"href":"https:\/\/goposchte24.de\/index.php\/wp-json\/wp\/v2\/product_tag?post=467"}],"curies":[{"name":"wp","href":"https:\/\/api.w.org\/{rel}","templated":true}]}}