{"id":46,"date":"2023-08-31T20:53:34","date_gmt":"2023-08-31T20:53:34","guid":{"rendered":"https:\/\/goposchte24.de\/index.php\/product\/pampers-windeln-pants-grose-7-17kg-baby-dry-extra-large-big-pack-mit-stop-und-schutz-taschchen-40-hoschenwindeln\/"},"modified":"2023-09-29T22:37:53","modified_gmt":"2023-09-29T21:37:53","slug":"pampers-windeln-pants-grose-7-17kg-baby-dry-extra-large-big-pack-mit-stop-und-schutz-taschchen-40-hoschenwindeln","status":"publish","type":"product","link":"https:\/\/goposchte24.de\/index.php\/product\/pampers-windeln-pants-grose-7-17kg-baby-dry-extra-large-big-pack-mit-stop-und-schutz-taschchen-40-hoschenwindeln\/","title":{"rendered":"Pampers Windeln Pants Gr\u00f6\u00dfe 7 (17kg+) Baby-Dry, Extra Large, BIG PACK, mit Stop- und Schutz T\u00e4schchen, 40 H\u00f6schenwindeln"},"content":{"rendered":"<ul class=\"amazon_features\">\n<li>Pampers Baby-Dry Pants mit Stop &#038; Schutz T\u00e4schchen, das Auslaufen am R\u00fccken verhindern<\/li>\n<li>Der super saugf\u00e4higer Kern nimmt Fl\u00fcssigkeiten sofort auf und bietet bis zu 12 Stunden Rundum-Auslaufschutz<\/li>\n<li>360\u00b0 FIT passt sich angenehm an das B\u00e4uchlein deines Babys an und hilft, ein Auslaufen zu verhindern<\/li>\n<li>Einfaches Windelwechseln: Zum Anziehen einfach hochziehen<\/li>\n<li>Praktisches Ausziehen: Zum Ausziehen die Seiten aufrei\u00dfen. Zusammenrollen, mit dem Klebeband befestigen und entsorgen<\/li>\n<li>Coole Designs zeigen dir die Windelvorder- und R\u00fcckseite<\/li>\n<\/ul>\n","protected":false},"excerpt":{"rendered":"<p>Pampers Baby-Dry Pants mit Stop &#038; Schutz T\u00e4schchen, das Auslaufen am R\u00fccken verhindern Der super saugf\u00e4higer Kern nimmt Fl\u00fcssigkeiten sofort auf und bietet bis zu 12 Stunden Rundum-Auslaufschutz 360\u00b0 FIT passt sich angenehm an das B\u00e4uchlein deines Babys an und hilft, ein Auslaufen zu verhindern Einfaches Windelwechseln: Zum Anziehen einfach hochziehen Praktisches Ausziehen: Zum Ausziehen [&hellip;]<\/p>\n","protected":false},"featured_media":47,"comment_status":"closed","ping_status":"closed","template":"","meta":[],"product_cat":[],"product_tag":[],"_links":{"self":[{"href":"https:\/\/goposchte24.de\/index.php\/wp-json\/wp\/v2\/product\/46"}],"collection":[{"href":"https:\/\/goposchte24.de\/index.php\/wp-json\/wp\/v2\/product"}],"about":[{"href":"https:\/\/goposchte24.de\/index.php\/wp-json\/wp\/v2\/types\/product"}],"replies":[{"embeddable":true,"href":"https:\/\/goposchte24.de\/index.php\/wp-json\/wp\/v2\/comments?post=46"}],"wp:featuredmedia":[{"embeddable":true,"href":"https:\/\/goposchte24.de\/index.php\/wp-json\/wp\/v2\/media\/47"}],"wp:attachment":[{"href":"https:\/\/goposchte24.de\/index.php\/wp-json\/wp\/v2\/media?parent=46"}],"wp:term":[{"taxonomy":"product_cat","embeddable":true,"href":"https:\/\/goposchte24.de\/index.php\/wp-json\/wp\/v2\/product_cat?post=46"},{"taxonomy":"product_tag","embeddable":true,"href":"https:\/\/goposchte24.de\/index.php\/wp-json\/wp\/v2\/product_tag?post=46"}],"curies":[{"name":"wp","href":"https:\/\/api.w.org\/{rel}","templated":true}]}}