{"id":459,"date":"2023-08-30T15:35:04","date_gmt":"2023-08-30T15:35:04","guid":{"rendered":"https:\/\/goposchte24.de\/index.php\/product\/persil-universal-4in1-discs-52-waschladungen-vollwaschmittel-mit-tiefenrein-plus-technologie-und-langanhaltender-frische-waschmittel-fur-leuchtende-farben\/"},"modified":"2023-09-29T22:43:16","modified_gmt":"2023-09-29T21:43:16","slug":"persil-universal-4in1-discs-52-waschladungen-vollwaschmittel-mit-tiefenrein-plus-technologie-und-langanhaltender-frische-waschmittel-fur-leuchtende-farben","status":"publish","type":"product","link":"https:\/\/goposchte24.de\/index.php\/product\/persil-universal-4in1-discs-52-waschladungen-vollwaschmittel-mit-tiefenrein-plus-technologie-und-langanhaltender-frische-waschmittel-fur-leuchtende-farben\/","title":{"rendered":"Persil Universal 4in1 Discs (52 Waschladungen), Vollwaschmittel mit Tiefenrein-Plus Technologie und langanhaltender Frische, Waschmittel f\u00fcr leuchtende Farben"},"content":{"rendered":"<ul class=\"amazon_features\">\n<li>4in1 Power \u2013 Mit der 4-Kammern-Form vereinen die Persil Discs die Kraft von vier Produktvorteilen: kraftvolle Fleckentfernung, langanhaltende Frische, Leuchtkraft und Faserpflege<\/li>\n<li>Tiefenrein-Plus \u2013 Dank innovativer Tiefenrein-Plus Technologie dringt das Persil Waschmittel tief in die Fasern ein und entfernt selbst hartn\u00e4ckigste Flecken<\/li>\n<li>Langanhaltende Frische \u2013 Die Waschmittel Discs mit aktivem Frische-Effekt bek\u00e4mpfen Ger\u00fcche und sorgen f\u00fcr eine angenehme und langanhaltende Frische der Kleidung<\/li>\n<li>Optimale Faserschonung \u2013 Mit dem Universal Waschmittel werden die Fasern beim W\u00e4schewaschen vor Flusenbildung gesch\u00fctzt \u2013 moderne Pflege f\u00fcr alle Lieblingstextilien<\/li>\n<li>Nachhaltige Verpackung \u2013 Die Verpackung ist 100 % recyclingf\u00e4hig. Daf\u00fcr einfach die Papierh\u00fclle abtrennen und Papier sowie die Verpackung nach Gebrauch recyceln<\/li>\n<li>Hinweis: Die Abbildungen k\u00f6nnen leichte Abweichungen zu dem gelieferten Artikel aufweisen<\/li>\n<\/ul>\n","protected":false},"excerpt":{"rendered":"<p>4in1 Power \u2013 Mit der 4-Kammern-Form vereinen die Persil Discs die Kraft von vier Produktvorteilen: kraftvolle Fleckentfernung, langanhaltende Frische, Leuchtkraft und Faserpflege Tiefenrein-Plus \u2013 Dank innovativer Tiefenrein-Plus Technologie dringt das Persil Waschmittel tief in die Fasern ein und entfernt selbst hartn\u00e4ckigste Flecken Langanhaltende Frische \u2013 Die Waschmittel Discs mit aktivem Frische-Effekt bek\u00e4mpfen Ger\u00fcche und sorgen [&hellip;]<\/p>\n","protected":false},"featured_media":460,"comment_status":"closed","ping_status":"closed","template":"","meta":[],"product_cat":[],"product_tag":[],"_links":{"self":[{"href":"https:\/\/goposchte24.de\/index.php\/wp-json\/wp\/v2\/product\/459"}],"collection":[{"href":"https:\/\/goposchte24.de\/index.php\/wp-json\/wp\/v2\/product"}],"about":[{"href":"https:\/\/goposchte24.de\/index.php\/wp-json\/wp\/v2\/types\/product"}],"replies":[{"embeddable":true,"href":"https:\/\/goposchte24.de\/index.php\/wp-json\/wp\/v2\/comments?post=459"}],"wp:featuredmedia":[{"embeddable":true,"href":"https:\/\/goposchte24.de\/index.php\/wp-json\/wp\/v2\/media\/460"}],"wp:attachment":[{"href":"https:\/\/goposchte24.de\/index.php\/wp-json\/wp\/v2\/media?parent=459"}],"wp:term":[{"taxonomy":"product_cat","embeddable":true,"href":"https:\/\/goposchte24.de\/index.php\/wp-json\/wp\/v2\/product_cat?post=459"},{"taxonomy":"product_tag","embeddable":true,"href":"https:\/\/goposchte24.de\/index.php\/wp-json\/wp\/v2\/product_tag?post=459"}],"curies":[{"name":"wp","href":"https:\/\/api.w.org\/{rel}","templated":true}]}}