{"id":450,"date":"2023-08-30T15:45:53","date_gmt":"2023-08-30T15:45:53","guid":{"rendered":"https:\/\/goposchte24.de\/index.php\/product\/somat-gold-spulmaschinentabs-150-3-x-50-tabs-extra-kraft-gegen-eingebranntes-und-glanz-effekt\/"},"modified":"2023-09-29T22:43:09","modified_gmt":"2023-09-29T21:43:09","slug":"somat-gold-spulmaschinentabs-150-3-x-50-tabs-extra-kraft-gegen-eingebranntes-und-glanz-effekt","status":"publish","type":"product","link":"https:\/\/goposchte24.de\/index.php\/product\/somat-gold-spulmaschinentabs-150-3-x-50-tabs-extra-kraft-gegen-eingebranntes-und-glanz-effekt\/","title":{"rendered":"Somat Gold, Sp\u00fclmaschinentabs, 150, 3 x 50, Tabs, Extra Kraft gegen Eingebranntes und Glanz Effekt"},"content":{"rendered":"<ul class=\"amazon_features\">\n<li>Mit den Somat Gold Sp\u00fclmaschinentabs werden Besteck und Geschirr im Handumdrehen sauber: 12 e\ufb00ektive Funktionen erleichtern die Reinigung, sodass Zeit und M\u00fche gespart wird<\/li>\n<li>Die Extra Kraft gegen Eingebranntes und die Tiefenreinigungskraft sorgen daf\u00fcr, dass selbst hartn\u00e4ckigste Verschmutzungen, wie z.B. von Cerealien oder Tee und Ka\ufb00ee\ufb02ecken einwandfrei entfernt werden<\/li>\n<li>Die Sp\u00fcltabs sind schnell aufl\u00f6send und sorgen somit auch f\u00fcr Tiefenreinigung im Kurzprogramm. Die Geschirrsp\u00fcltabs enthalten neben einem Geruchsneutralisierer auch eine Gl\u00e4serschutz Formel<\/li>\n<li>Der Rundum Reiniger mit Klarsp\u00fcler und Salzfunktion reinigt nicht nur sanft das Geschirr und erh\u00e4lt den strahlenden Glanz, sondern ist auch schonend zum Geschirrreiniger<\/li>\n<li>Schnell und einfach: Die Tabs in die Dosierkammer der Sp\u00fclmaschine legen und das Geschirr ohne Einweichen ab 45\u00b0 reinigen lassen sogar Abtrocknen ist dank des Trocken E\ufb00ekts nicht n\u00f6tig<\/li>\n<li>Hinweis: Die Abbildungen k\u00f6nnen leichte, Abweichungen zu dem gelieferten Artikel aufweisen<\/li>\n<li>Enth\u00e4lt Protease. Kann allergische Reaktionen hervorrufen.<\/li>\n<\/ul>\n","protected":false},"excerpt":{"rendered":"<p>Mit den Somat Gold Sp\u00fclmaschinentabs werden Besteck und Geschirr im Handumdrehen sauber: 12 e\ufb00ektive Funktionen erleichtern die Reinigung, sodass Zeit und M\u00fche gespart wird Die Extra Kraft gegen Eingebranntes und die Tiefenreinigungskraft sorgen daf\u00fcr, dass selbst hartn\u00e4ckigste Verschmutzungen, wie z.B. von Cerealien oder Tee und Ka\ufb00ee\ufb02ecken einwandfrei entfernt werden Die Sp\u00fcltabs sind schnell aufl\u00f6send und [&hellip;]<\/p>\n","protected":false},"featured_media":451,"comment_status":"closed","ping_status":"closed","template":"","meta":[],"product_cat":[],"product_tag":[],"_links":{"self":[{"href":"https:\/\/goposchte24.de\/index.php\/wp-json\/wp\/v2\/product\/450"}],"collection":[{"href":"https:\/\/goposchte24.de\/index.php\/wp-json\/wp\/v2\/product"}],"about":[{"href":"https:\/\/goposchte24.de\/index.php\/wp-json\/wp\/v2\/types\/product"}],"replies":[{"embeddable":true,"href":"https:\/\/goposchte24.de\/index.php\/wp-json\/wp\/v2\/comments?post=450"}],"wp:featuredmedia":[{"embeddable":true,"href":"https:\/\/goposchte24.de\/index.php\/wp-json\/wp\/v2\/media\/451"}],"wp:attachment":[{"href":"https:\/\/goposchte24.de\/index.php\/wp-json\/wp\/v2\/media?parent=450"}],"wp:term":[{"taxonomy":"product_cat","embeddable":true,"href":"https:\/\/goposchte24.de\/index.php\/wp-json\/wp\/v2\/product_cat?post=450"},{"taxonomy":"product_tag","embeddable":true,"href":"https:\/\/goposchte24.de\/index.php\/wp-json\/wp\/v2\/product_tag?post=450"}],"curies":[{"name":"wp","href":"https:\/\/api.w.org\/{rel}","templated":true}]}}