{"id":442,"date":"2023-09-05T22:12:43","date_gmt":"2023-09-05T22:12:43","guid":{"rendered":"https:\/\/goposchte24.de\/index.php\/product\/pampers-baby-windeln-grose-2-4-8kg-premium-protection-80-stuck-pampers-weichster-komfort-und-schutz\/"},"modified":"2023-09-29T22:43:03","modified_gmt":"2023-09-29T21:43:03","slug":"pampers-baby-windeln-grose-2-4-8kg-premium-protection-80-stuck-pampers-weichster-komfort-und-schutz","status":"publish","type":"product","link":"https:\/\/goposchte24.de\/index.php\/product\/pampers-baby-windeln-grose-2-4-8kg-premium-protection-80-stuck-pampers-weichster-komfort-und-schutz\/","title":{"rendered":"Pampers Baby Windeln Gr\u00f6\u00dfe 2 (4-8kg) Premium Protection, 80 St\u00fcck, Pampers Weichster Komfort Und Schutz"},"content":{"rendered":"<ul class=\"amazon_features\">\n<li>Das DERMACOMFORT Innenvlies bietet den weichsten Komfort von Pampers. Es nimmt Feuchtigkeit und fl\u00fcssigen Stuhl auf und leitet sie von der Babyhaut weg<\/li>\n<li>Windeln mit ausgew\u00e4hlten federweichen Materialien f\u00fcr Pampers sanfteste Ber\u00fchrung auf der empfindlichen Babyhaut<\/li>\n<li>Weiche Flexi-Seitenfl\u00fcgel passen sich an das B\u00e4uchlein deines Babys an und sorgen f\u00fcr individuellen Tragekomfort<\/li>\n<li>Einzigartiges 3-fach-Schutz-System f\u00fcr bis zu 12\u00a0Stunden Rundum-Auslaufschutz<\/li>\n<li>Der Urin-Indikator zeigt an, wann es Zeit f\u00fcr eine neue Windel sein k\u00f6nnte<\/li>\n<li>Nabelfreundliche Form zum Schutz des empfindlichen B\u00e4uchleins deines Neugeborenen<\/li>\n<li>Dermatologisch getestet und frei von 26 EU-Parf\u00fcmallergenen<\/li>\n<\/ul>\n","protected":false},"excerpt":{"rendered":"<p>Das DERMACOMFORT Innenvlies bietet den weichsten Komfort von Pampers. Es nimmt Feuchtigkeit und fl\u00fcssigen Stuhl auf und leitet sie von der Babyhaut weg Windeln mit ausgew\u00e4hlten federweichen Materialien f\u00fcr Pampers sanfteste Ber\u00fchrung auf der empfindlichen Babyhaut Weiche Flexi-Seitenfl\u00fcgel passen sich an das B\u00e4uchlein deines Babys an und sorgen f\u00fcr individuellen Tragekomfort Einzigartiges 3-fach-Schutz-System f\u00fcr bis [&hellip;]<\/p>\n","protected":false},"featured_media":443,"comment_status":"closed","ping_status":"closed","template":"","meta":[],"product_cat":[],"product_tag":[],"_links":{"self":[{"href":"https:\/\/goposchte24.de\/index.php\/wp-json\/wp\/v2\/product\/442"}],"collection":[{"href":"https:\/\/goposchte24.de\/index.php\/wp-json\/wp\/v2\/product"}],"about":[{"href":"https:\/\/goposchte24.de\/index.php\/wp-json\/wp\/v2\/types\/product"}],"replies":[{"embeddable":true,"href":"https:\/\/goposchte24.de\/index.php\/wp-json\/wp\/v2\/comments?post=442"}],"wp:featuredmedia":[{"embeddable":true,"href":"https:\/\/goposchte24.de\/index.php\/wp-json\/wp\/v2\/media\/443"}],"wp:attachment":[{"href":"https:\/\/goposchte24.de\/index.php\/wp-json\/wp\/v2\/media?parent=442"}],"wp:term":[{"taxonomy":"product_cat","embeddable":true,"href":"https:\/\/goposchte24.de\/index.php\/wp-json\/wp\/v2\/product_cat?post=442"},{"taxonomy":"product_tag","embeddable":true,"href":"https:\/\/goposchte24.de\/index.php\/wp-json\/wp\/v2\/product_tag?post=442"}],"curies":[{"name":"wp","href":"https:\/\/api.w.org\/{rel}","templated":true}]}}