{"id":434,"date":"2023-09-20T20:37:56","date_gmt":"2023-09-20T20:37:56","guid":{"rendered":"https:\/\/goposchte24.de\/index.php\/product\/abena-light-mini-plus-1a-bei-leichter-inkontinenz-200-ml-saugfahigkeit-karton-mit-16-packungen-256-einlagen\/"},"modified":"2023-09-29T22:42:58","modified_gmt":"2023-09-29T21:42:58","slug":"abena-light-mini-plus-1a-bei-leichter-inkontinenz-200-ml-saugfahigkeit-karton-mit-16-packungen-256-einlagen","status":"publish","type":"product","link":"https:\/\/goposchte24.de\/index.php\/product\/abena-light-mini-plus-1a-bei-leichter-inkontinenz-200-ml-saugfahigkeit-karton-mit-16-packungen-256-einlagen\/","title":{"rendered":"Abena Light Mini Plus 1A Bei leichter Inkontinenz, 200 ml Saugf\u00e4higkeit, Karton mit 16 Packungen \/ 256 Einlagen"},"content":{"rendered":"<ul class=\"amazon_features\">\n<li>ANATOMISCH GEFORMT: Einlagen f\u00fcr leichte bis mittlere Inkontinenz<\/li>\n<li>ATMUNGSAKTIVIT\u00c4T: 100 Prozent Atmungsaktivit\u00e4t f\u00fcr gesunde Haut und optimalen Komfort<\/li>\n<li>TOP-DRY-SYSTEM: sorgt f\u00fcr eine trockene Oberfl\u00e4che zum Schutz der Haut, sowie dermatologisch getestet<\/li>\n<li>SCHNELLE ABSORBIERUNG: Kerntechnologie, die eine schnelle Absorption und Geruchskontrolle gew\u00e4hrleistet<\/li>\n<li>ODOR SYSTEM: Minimierung unangenehmer Ger\u00fcche<\/li>\n<li>AUSLAUFSPERREN: Ausgestattet mit einzigartigen Auslaufsperren f\u00fcr zus\u00e4tzlichen Schutz<\/li>\n<li>UMWELTFREUNDLICH: Akkreditiert vom FSC (FOREST Stewardship Council) und dem Nordic Swan Ecolabel. Die Produkte werden aus verantwortungsbewusst beschafften Rohstoffen aus gut bewirtschafteten W\u00e4ldern hergestellt<\/li>\n<\/ul>\n","protected":false},"excerpt":{"rendered":"<p>ANATOMISCH GEFORMT: Einlagen f\u00fcr leichte bis mittlere Inkontinenz ATMUNGSAKTIVIT\u00c4T: 100 Prozent Atmungsaktivit\u00e4t f\u00fcr gesunde Haut und optimalen Komfort TOP-DRY-SYSTEM: sorgt f\u00fcr eine trockene Oberfl\u00e4che zum Schutz der Haut, sowie dermatologisch getestet SCHNELLE ABSORBIERUNG: Kerntechnologie, die eine schnelle Absorption und Geruchskontrolle gew\u00e4hrleistet ODOR SYSTEM: Minimierung unangenehmer Ger\u00fcche AUSLAUFSPERREN: Ausgestattet mit einzigartigen Auslaufsperren f\u00fcr zus\u00e4tzlichen Schutz UMWELTFREUNDLICH: [&hellip;]<\/p>\n","protected":false},"featured_media":435,"comment_status":"closed","ping_status":"closed","template":"","meta":[],"product_cat":[],"product_tag":[],"_links":{"self":[{"href":"https:\/\/goposchte24.de\/index.php\/wp-json\/wp\/v2\/product\/434"}],"collection":[{"href":"https:\/\/goposchte24.de\/index.php\/wp-json\/wp\/v2\/product"}],"about":[{"href":"https:\/\/goposchte24.de\/index.php\/wp-json\/wp\/v2\/types\/product"}],"replies":[{"embeddable":true,"href":"https:\/\/goposchte24.de\/index.php\/wp-json\/wp\/v2\/comments?post=434"}],"wp:featuredmedia":[{"embeddable":true,"href":"https:\/\/goposchte24.de\/index.php\/wp-json\/wp\/v2\/media\/435"}],"wp:attachment":[{"href":"https:\/\/goposchte24.de\/index.php\/wp-json\/wp\/v2\/media?parent=434"}],"wp:term":[{"taxonomy":"product_cat","embeddable":true,"href":"https:\/\/goposchte24.de\/index.php\/wp-json\/wp\/v2\/product_cat?post=434"},{"taxonomy":"product_tag","embeddable":true,"href":"https:\/\/goposchte24.de\/index.php\/wp-json\/wp\/v2\/product_tag?post=434"}],"curies":[{"name":"wp","href":"https:\/\/api.w.org\/{rel}","templated":true}]}}