{"id":429,"date":"2023-09-05T21:29:33","date_gmt":"2023-09-05T21:29:33","guid":{"rendered":"https:\/\/goposchte24.de\/index.php\/product\/persil-color-4in1-discs-100-waschladungen-colorwaschmittel-mit-tiefenrein-plus-technologie-fur-leuchtende-farben-92-biologisch-abbaubare-inhaltsstoffe\/"},"modified":"2023-09-29T22:42:53","modified_gmt":"2023-09-29T21:42:53","slug":"persil-color-4in1-discs-100-waschladungen-colorwaschmittel-mit-tiefenrein-plus-technologie-fur-leuchtende-farben-92-biologisch-abbaubare-inhaltsstoffe","status":"publish","type":"product","link":"https:\/\/goposchte24.de\/index.php\/product\/persil-color-4in1-discs-100-waschladungen-colorwaschmittel-mit-tiefenrein-plus-technologie-fur-leuchtende-farben-92-biologisch-abbaubare-inhaltsstoffe\/","title":{"rendered":"Persil Color 4in1 DISCS\u00a0(100 Waschladungen), Colorwaschmittel mit Tiefenrein-Plus Technologie f\u00fcr leuchtende Farben, 92% biologisch abbaubare Inhaltsstoffe*"},"content":{"rendered":"<p>&#8220;Persil Color 4in1 DISCS \u2013 Colorwaschmittel zur kraftvollen Reinigung auch bei niedrigen Temperaturen<br \/> Die Persil Color 4in1 DISCS bieten mit der einzigartigen 4-Kammern-Form gleich vier Produktvorteile in nur einem praktisch vordosierten DISC f\u00fcr hygienisch reine W\u00e4sche. Sie sorgen f\u00fcr kraftvolle Fleckentfernung, strahlende Farben, langanhaltende Frische und eine moderne Faserpflege. Das Color Waschmittel dringt tief in die Fasern ein, um selbst hartn\u00e4ckige Flecken zu entfernen und schont dabei die Fasern. Die Persil Leuchtkraft Formel sorgt f\u00fcr strahlende Leuchtkraft und sch\u00fctzt Buntw\u00e4sche vor dem Vergrauen. Zudem sorgt der aktive Frische-Effekt mit verbesserter Duftkomposition f\u00fcr eine langanhaltende Frische. <br \/> Das Persil Color Waschmittel ist sogar bei niedrigen Temperaturen ab 20 \u00b0C bis 60 \u00b0C wirksam. Dank der optimalen Vordosierung wird eine \u00dcberdosierung des Waschmittels verhindert. Die Formel enth\u00e4lt 92 % biologisch abbaubare Inhaltsstoffe. Die Verpackung ist zu 100 % recyclingf\u00e4hig und enth\u00e4lt bis zu 80 % weniger Plastik\/Waschladung \u2013 f\u00fcr eine saubere Welt. <\/p>\n<p> Produktvorteile im Detail: <\/p>\n<p> Die besten Persil DISCS aller Zeiten<br \/> Leistungsstarke Reinigung auch bei niedrigeren Temperaturen<br \/> Kraftvolle Fleckentfernung<br \/> Strahlende Leuchtkraft<br \/> Optimale Vordosierung<br \/> Wasserl\u00f6sliche H\u00fclle<br \/> 92 % biologisch abbaubare Inhaltsstoffe*<\/p>\n<p> *Bezogen auf organische Inhaltsstoffe \u2013 gem. OECD 301\/302<br \/> **Im Vergleich zur vorherigen Verpackung<\/p>\n<p> Dosierhilfe: <br \/> Durch die wasserl\u00f6sliche Folie lassen sich die DISCS schnell und einfach anwenden. Persil Color 4in1 DISCS einfach hinten in die leere Waschtrommel platzieren, W\u00e4sche darauf und fertig. F\u00fcr eine Beladung von bis zu 4,5 kg ein DISC verwenden und bei einer Beladung von mehr als 4,5 kg oder bei stark verschmutzter W\u00e4sche 2 DISCS. Au\u00dferhalb der Reichweite von Kindern aufbewahren. <\/p>\n","protected":false},"excerpt":{"rendered":"<p>&#8220;Persil Color 4in1 DISCS \u2013 Colorwaschmittel zur kraftvollen Reinigung auch bei niedrigen Temperaturen Die Persil Color 4in1 DISCS bieten mit der einzigartigen 4-Kammern-Form gleich vier Produktvorteile in nur einem praktisch vordosierten DISC f\u00fcr hygienisch reine W\u00e4sche. Sie sorgen f\u00fcr kraftvolle Fleckentfernung, strahlende Farben, langanhaltende Frische und eine moderne Faserpflege. Das Color Waschmittel dringt tief in [&hellip;]<\/p>\n","protected":false},"featured_media":430,"comment_status":"closed","ping_status":"closed","template":"","meta":[],"product_cat":[],"product_tag":[],"_links":{"self":[{"href":"https:\/\/goposchte24.de\/index.php\/wp-json\/wp\/v2\/product\/429"}],"collection":[{"href":"https:\/\/goposchte24.de\/index.php\/wp-json\/wp\/v2\/product"}],"about":[{"href":"https:\/\/goposchte24.de\/index.php\/wp-json\/wp\/v2\/types\/product"}],"replies":[{"embeddable":true,"href":"https:\/\/goposchte24.de\/index.php\/wp-json\/wp\/v2\/comments?post=429"}],"wp:featuredmedia":[{"embeddable":true,"href":"https:\/\/goposchte24.de\/index.php\/wp-json\/wp\/v2\/media\/430"}],"wp:attachment":[{"href":"https:\/\/goposchte24.de\/index.php\/wp-json\/wp\/v2\/media?parent=429"}],"wp:term":[{"taxonomy":"product_cat","embeddable":true,"href":"https:\/\/goposchte24.de\/index.php\/wp-json\/wp\/v2\/product_cat?post=429"},{"taxonomy":"product_tag","embeddable":true,"href":"https:\/\/goposchte24.de\/index.php\/wp-json\/wp\/v2\/product_tag?post=429"}],"curies":[{"name":"wp","href":"https:\/\/api.w.org\/{rel}","templated":true}]}}