{"id":418,"date":"2023-09-06T14:57:41","date_gmt":"2023-09-06T14:57:41","guid":{"rendered":"https:\/\/goposchte24.de\/index.php\/product\/pampers-windeln-grose-4-5-splashers-baby-shark-limited-edition-11-stuck-einweg-schwimmwindeln-fur-sicheren-schutz-im-wasser\/"},"modified":"2023-09-29T22:42:45","modified_gmt":"2023-09-29T21:42:45","slug":"pampers-windeln-grose-4-5-splashers-baby-shark-limited-edition-11-stuck-einweg-schwimmwindeln-fur-sicheren-schutz-im-wasser","status":"publish","type":"product","link":"https:\/\/goposchte24.de\/index.php\/product\/pampers-windeln-grose-4-5-splashers-baby-shark-limited-edition-11-stuck-einweg-schwimmwindeln-fur-sicheren-schutz-im-wasser\/","title":{"rendered":"Pampers Windeln Gr\u00f6\u00dfe 4-5, Splashers Baby Shark Limited Edition, 11 St\u00fcck, Einweg-Schwimmwindeln, f\u00fcr sicheren Schutz im Wasser"},"content":{"rendered":"<ul class=\"amazon_features\">\n<li>Sitzt wie eine Badehose, sch\u00fctzt wie eine Pampers (sch\u00fctzt vor Auslaufen im Wasser).<\/li>\n<li>Saugen sich nicht mit Wasser voll f\u00fcr eine bequeme Passform im nassen oder trockenen Zustand.<\/li>\n<li>Mit Baby Shark Designs.<\/li>\n<li>Doppelte Sicherheitsb\u00fcndchen, um Auslaufen an den Beinchen zu verhindern.<\/li>\n<li>360\u00b0 dehnbares Bauchb\u00fcndchen.<\/li>\n<li>Leicht aufrei\u00dfbare Seitenb\u00fcndchen f\u00fcr einfaches Windelwechseln.<\/li>\n<li>Die Verpackung kann variieren.<\/li>\n<\/ul>\n","protected":false},"excerpt":{"rendered":"<p>Sitzt wie eine Badehose, sch\u00fctzt wie eine Pampers (sch\u00fctzt vor Auslaufen im Wasser). Saugen sich nicht mit Wasser voll f\u00fcr eine bequeme Passform im nassen oder trockenen Zustand. Mit Baby Shark Designs. Doppelte Sicherheitsb\u00fcndchen, um Auslaufen an den Beinchen zu verhindern. 360\u00b0 dehnbares Bauchb\u00fcndchen. Leicht aufrei\u00dfbare Seitenb\u00fcndchen f\u00fcr einfaches Windelwechseln. Die Verpackung kann variieren.<\/p>\n","protected":false},"featured_media":419,"comment_status":"closed","ping_status":"closed","template":"","meta":[],"product_cat":[],"product_tag":[],"_links":{"self":[{"href":"https:\/\/goposchte24.de\/index.php\/wp-json\/wp\/v2\/product\/418"}],"collection":[{"href":"https:\/\/goposchte24.de\/index.php\/wp-json\/wp\/v2\/product"}],"about":[{"href":"https:\/\/goposchte24.de\/index.php\/wp-json\/wp\/v2\/types\/product"}],"replies":[{"embeddable":true,"href":"https:\/\/goposchte24.de\/index.php\/wp-json\/wp\/v2\/comments?post=418"}],"wp:featuredmedia":[{"embeddable":true,"href":"https:\/\/goposchte24.de\/index.php\/wp-json\/wp\/v2\/media\/419"}],"wp:attachment":[{"href":"https:\/\/goposchte24.de\/index.php\/wp-json\/wp\/v2\/media?parent=418"}],"wp:term":[{"taxonomy":"product_cat","embeddable":true,"href":"https:\/\/goposchte24.de\/index.php\/wp-json\/wp\/v2\/product_cat?post=418"},{"taxonomy":"product_tag","embeddable":true,"href":"https:\/\/goposchte24.de\/index.php\/wp-json\/wp\/v2\/product_tag?post=418"}],"curies":[{"name":"wp","href":"https:\/\/api.w.org\/{rel}","templated":true}]}}