{"id":408,"date":"2023-08-30T14:13:26","date_gmt":"2023-08-30T14:13:26","guid":{"rendered":"https:\/\/goposchte24.de\/index.php\/product\/ariel-waschmittel-pods-all-in-1-98-waschladungen-2-x-49-universal-frischer-wascheduft-und-strahlende-reinheit\/"},"modified":"2023-09-29T22:42:39","modified_gmt":"2023-09-29T21:42:39","slug":"ariel-waschmittel-pods-all-in-1-98-waschladungen-2-x-49-universal-frischer-wascheduft-und-strahlende-reinheit","status":"publish","type":"product","link":"https:\/\/goposchte24.de\/index.php\/product\/ariel-waschmittel-pods-all-in-1-98-waschladungen-2-x-49-universal-frischer-wascheduft-und-strahlende-reinheit\/","title":{"rendered":"Ariel Waschmittel Pods All-in-1, 98 Waschladungen (2 x 49) Universal Frischer W\u00e4scheduft und strahlende Reinheit"},"content":{"rendered":"<ul class=\"amazon_features\">\n<li>Ausgezeichnete Fleckenentfernung beim 1. Waschen Ihrer W\u00e4sche, selbst in kaltem Wasser<\/li>\n<li>Strahlende Reinheit und frische Kleidung mit angenehmen W\u00e4scheduft<\/li>\n<li>Die Waschmittel Pods All-in-1 sind wasserl\u00f6sliche und biologisch abbaubare H\u00fclle<\/li>\n<li>Einfache Handhabung ohne Dosierhilfe: kein Dosieren n\u00f6tig<\/li>\n<\/ul>\n","protected":false},"excerpt":{"rendered":"<p>Ausgezeichnete Fleckenentfernung beim 1. Waschen Ihrer W\u00e4sche, selbst in kaltem Wasser Strahlende Reinheit und frische Kleidung mit angenehmen W\u00e4scheduft Die Waschmittel Pods All-in-1 sind wasserl\u00f6sliche und biologisch abbaubare H\u00fclle Einfache Handhabung ohne Dosierhilfe: kein Dosieren n\u00f6tig<\/p>\n","protected":false},"featured_media":409,"comment_status":"closed","ping_status":"closed","template":"","meta":[],"product_cat":[],"product_tag":[],"_links":{"self":[{"href":"https:\/\/goposchte24.de\/index.php\/wp-json\/wp\/v2\/product\/408"}],"collection":[{"href":"https:\/\/goposchte24.de\/index.php\/wp-json\/wp\/v2\/product"}],"about":[{"href":"https:\/\/goposchte24.de\/index.php\/wp-json\/wp\/v2\/types\/product"}],"replies":[{"embeddable":true,"href":"https:\/\/goposchte24.de\/index.php\/wp-json\/wp\/v2\/comments?post=408"}],"wp:featuredmedia":[{"embeddable":true,"href":"https:\/\/goposchte24.de\/index.php\/wp-json\/wp\/v2\/media\/409"}],"wp:attachment":[{"href":"https:\/\/goposchte24.de\/index.php\/wp-json\/wp\/v2\/media?parent=408"}],"wp:term":[{"taxonomy":"product_cat","embeddable":true,"href":"https:\/\/goposchte24.de\/index.php\/wp-json\/wp\/v2\/product_cat?post=408"},{"taxonomy":"product_tag","embeddable":true,"href":"https:\/\/goposchte24.de\/index.php\/wp-json\/wp\/v2\/product_tag?post=408"}],"curies":[{"name":"wp","href":"https:\/\/api.w.org\/{rel}","templated":true}]}}