{"id":399,"date":"2023-09-05T22:48:21","date_gmt":"2023-09-05T22:48:21","guid":{"rendered":"https:\/\/goposchte24.de\/index.php\/product\/pampers-baby-windeln-grose-4-9-14kg-baby-dry-maxi-70-windeln\/"},"modified":"2023-09-29T22:42:34","modified_gmt":"2023-09-29T21:42:34","slug":"pampers-baby-windeln-grose-4-9-14kg-baby-dry-maxi-70-windeln","status":"publish","type":"product","link":"https:\/\/goposchte24.de\/index.php\/product\/pampers-baby-windeln-grose-4-9-14kg-baby-dry-maxi-70-windeln\/","title":{"rendered":"Pampers Baby Windeln Gr\u00f6\u00dfe 4 (9-14kg) Baby-Dry, Maxi, 70 Windeln"},"content":{"rendered":"<ul class=\"amazon_features\">\n<li>Das einzigartige 3-fach-Schutz-System sorgt f\u00fcr bis zu 12 Stunden Rundum-Auslaufschutz<\/li>\n<li>Windeln mit einzigartiger Schutzlage f\u00fcr schnelle Absorption<\/li>\n<li>Super saugf\u00e4higer Kern, der die Fl\u00fcssigkeit einschlie\u00dft<\/li>\n<li>Doppelte Beinb\u00fcnden helfen, ein Auslaufen rundum die Beinchen zu verhindern<\/li>\n<li>Die Flexi-Seitenfl\u00fcgel passen sich angenehm an das B\u00e4uchlein deines Babys an und sorgen f\u00fcr eine sichere Passform<\/li>\n<li>Coole Designs zeigen dir die Windelvorder- und R\u00fcckseite<\/li>\n<\/ul>\n","protected":false},"excerpt":{"rendered":"<p>Das einzigartige 3-fach-Schutz-System sorgt f\u00fcr bis zu 12 Stunden Rundum-Auslaufschutz Windeln mit einzigartiger Schutzlage f\u00fcr schnelle Absorption Super saugf\u00e4higer Kern, der die Fl\u00fcssigkeit einschlie\u00dft Doppelte Beinb\u00fcnden helfen, ein Auslaufen rundum die Beinchen zu verhindern Die Flexi-Seitenfl\u00fcgel passen sich angenehm an das B\u00e4uchlein deines Babys an und sorgen f\u00fcr eine sichere Passform Coole Designs zeigen dir [&hellip;]<\/p>\n","protected":false},"featured_media":400,"comment_status":"closed","ping_status":"closed","template":"","meta":[],"product_cat":[],"product_tag":[],"_links":{"self":[{"href":"https:\/\/goposchte24.de\/index.php\/wp-json\/wp\/v2\/product\/399"}],"collection":[{"href":"https:\/\/goposchte24.de\/index.php\/wp-json\/wp\/v2\/product"}],"about":[{"href":"https:\/\/goposchte24.de\/index.php\/wp-json\/wp\/v2\/types\/product"}],"replies":[{"embeddable":true,"href":"https:\/\/goposchte24.de\/index.php\/wp-json\/wp\/v2\/comments?post=399"}],"wp:featuredmedia":[{"embeddable":true,"href":"https:\/\/goposchte24.de\/index.php\/wp-json\/wp\/v2\/media\/400"}],"wp:attachment":[{"href":"https:\/\/goposchte24.de\/index.php\/wp-json\/wp\/v2\/media?parent=399"}],"wp:term":[{"taxonomy":"product_cat","embeddable":true,"href":"https:\/\/goposchte24.de\/index.php\/wp-json\/wp\/v2\/product_cat?post=399"},{"taxonomy":"product_tag","embeddable":true,"href":"https:\/\/goposchte24.de\/index.php\/wp-json\/wp\/v2\/product_tag?post=399"}],"curies":[{"name":"wp","href":"https:\/\/api.w.org\/{rel}","templated":true}]}}