{"id":379,"date":"2023-09-05T22:11:56","date_gmt":"2023-09-05T22:11:56","guid":{"rendered":"https:\/\/goposchte24.de\/index.php\/product\/pampers-premium-protection-windeln-gr-2-4kg-8kg-doppel-pack-1-x-80-windeln\/"},"modified":"2023-09-29T22:42:19","modified_gmt":"2023-09-29T21:42:19","slug":"pampers-premium-protection-windeln-gr-2-4kg-8kg-doppel-pack-1-x-80-windeln","status":"publish","type":"product","link":"https:\/\/goposchte24.de\/index.php\/product\/pampers-premium-protection-windeln-gr-2-4kg-8kg-doppel-pack-1-x-80-windeln\/","title":{"rendered":"Pampers Premium Protection Windeln, Gr. 2, 4kg-8kg, Doppel-Pack (1 x 80 Windeln)"},"content":{"rendered":"<ul class=\"amazon_features\">\n<li>Am h\u00e4ufigsten verwendet in deutschen Geburtsstationen (Basierend auf den Verk\u00e4ufen der Gr\u00f6\u00dfen 0, 1 und 2 in Geburtsstationen 2018 in Deutschland)<\/li>\n<li>Das Heart Quilts Innenvlies f\u00fchlt sich noch weicher auf der Babyhaut an und nimmt Feuchtigkeit optimal auf<\/li>\n<li>Ausgew\u00e4hlte federweiche Materialien f\u00fcr Pampers sanfteste Ber\u00fchrung auf der Babyhaut (enth\u00e4lt keine Federn)<\/li>\n<li>Der Urin-Indikator zeigt an, wann es Zeit f\u00fcr eine frische Windel sein k\u00f6nnte<\/li>\n<li>Windeln mit Luftkan\u00e4len f\u00fcr bis zu 12\u00a0Stunden atmungsaktive Trockenheit<\/li>\n<li>Nabelfreundliche Passform f\u00fcr Neugeborene (erh\u00e4ltlich in den Gr\u00f6\u00dfen 0, 1, 2)<\/li>\n<li>Wollen Sie mehr \u00fcber unsere Bestandteile erfahren? Besuchen Sie unsere offizielle Webseite<\/li>\n<li>Kunden werden gebeten, eine Nummer gr\u00f6\u00dfer zu bestellen, um es bequemer zu haben<\/li>\n<\/ul>\n","protected":false},"excerpt":{"rendered":"<p>Am h\u00e4ufigsten verwendet in deutschen Geburtsstationen (Basierend auf den Verk\u00e4ufen der Gr\u00f6\u00dfen 0, 1 und 2 in Geburtsstationen 2018 in Deutschland) Das Heart Quilts Innenvlies f\u00fchlt sich noch weicher auf der Babyhaut an und nimmt Feuchtigkeit optimal auf Ausgew\u00e4hlte federweiche Materialien f\u00fcr Pampers sanfteste Ber\u00fchrung auf der Babyhaut (enth\u00e4lt keine Federn) Der Urin-Indikator zeigt an, [&hellip;]<\/p>\n","protected":false},"featured_media":380,"comment_status":"closed","ping_status":"closed","template":"","meta":[],"product_cat":[],"product_tag":[],"_links":{"self":[{"href":"https:\/\/goposchte24.de\/index.php\/wp-json\/wp\/v2\/product\/379"}],"collection":[{"href":"https:\/\/goposchte24.de\/index.php\/wp-json\/wp\/v2\/product"}],"about":[{"href":"https:\/\/goposchte24.de\/index.php\/wp-json\/wp\/v2\/types\/product"}],"replies":[{"embeddable":true,"href":"https:\/\/goposchte24.de\/index.php\/wp-json\/wp\/v2\/comments?post=379"}],"wp:featuredmedia":[{"embeddable":true,"href":"https:\/\/goposchte24.de\/index.php\/wp-json\/wp\/v2\/media\/380"}],"wp:attachment":[{"href":"https:\/\/goposchte24.de\/index.php\/wp-json\/wp\/v2\/media?parent=379"}],"wp:term":[{"taxonomy":"product_cat","embeddable":true,"href":"https:\/\/goposchte24.de\/index.php\/wp-json\/wp\/v2\/product_cat?post=379"},{"taxonomy":"product_tag","embeddable":true,"href":"https:\/\/goposchte24.de\/index.php\/wp-json\/wp\/v2\/product_tag?post=379"}],"curies":[{"name":"wp","href":"https:\/\/api.w.org\/{rel}","templated":true}]}}