{"id":372,"date":"2023-09-04T13:42:35","date_gmt":"2023-09-04T13:42:35","guid":{"rendered":"https:\/\/goposchte24.de\/index.php\/product\/claro-hygiene-geschirrspuler-tabs-phosphatfrei-biologisch-abbaubar-50-stuck\/"},"modified":"2023-09-29T22:42:13","modified_gmt":"2023-09-29T21:42:13","slug":"claro-hygiene-geschirrspuler-tabs-phosphatfrei-biologisch-abbaubar-50-stuck","status":"publish","type":"product","link":"https:\/\/goposchte24.de\/index.php\/product\/claro-hygiene-geschirrspuler-tabs-phosphatfrei-biologisch-abbaubar-50-stuck\/","title":{"rendered":"Claro Hygiene Geschirrsp\u00fcler-Tabs &#8211; Phosphatfrei\/Biologisch abbaubar &#8211; 50 St\u00fcck"},"content":{"rendered":"<p>Claro \u00d6KO Hygiene Power Cleaner Pur Hygiene Tabs, phosphatfrei, in wasserl\u00f6slicher Folie &#8211; 50 St. &#8211; &#8211; Claro Hygiene kann durch seine einzigartige umweltfreundliche Zusammensetzung bedenkenlos f\u00fcr die Reinigung von Babygeschirr, Babyflaschen, Saugern, Essgeschirr, als auch f\u00fcr Spielwaren verwendet werden. Brei und andere R\u00fcckst\u00e4nde werden problemlos von Geschirr und Fl\u00e4schen beseitigt und von 99,9%% aller Pilze, Viren und Bakterien befreit.<\/p>\n","protected":false},"excerpt":{"rendered":"<p>Claro \u00d6KO Hygiene Power Cleaner Pur Hygiene Tabs, phosphatfrei, in wasserl\u00f6slicher Folie &#8211; 50 St. &#8211; &#8211; Claro Hygiene kann durch seine einzigartige umweltfreundliche Zusammensetzung bedenkenlos f\u00fcr die Reinigung von Babygeschirr, Babyflaschen, Saugern, Essgeschirr, als auch f\u00fcr Spielwaren verwendet werden. Brei und andere R\u00fcckst\u00e4nde werden problemlos von Geschirr und Fl\u00e4schen beseitigt und von 99,9%% aller [&hellip;]<\/p>\n","protected":false},"featured_media":373,"comment_status":"closed","ping_status":"closed","template":"","meta":[],"product_cat":[],"product_tag":[],"_links":{"self":[{"href":"https:\/\/goposchte24.de\/index.php\/wp-json\/wp\/v2\/product\/372"}],"collection":[{"href":"https:\/\/goposchte24.de\/index.php\/wp-json\/wp\/v2\/product"}],"about":[{"href":"https:\/\/goposchte24.de\/index.php\/wp-json\/wp\/v2\/types\/product"}],"replies":[{"embeddable":true,"href":"https:\/\/goposchte24.de\/index.php\/wp-json\/wp\/v2\/comments?post=372"}],"wp:featuredmedia":[{"embeddable":true,"href":"https:\/\/goposchte24.de\/index.php\/wp-json\/wp\/v2\/media\/373"}],"wp:attachment":[{"href":"https:\/\/goposchte24.de\/index.php\/wp-json\/wp\/v2\/media?parent=372"}],"wp:term":[{"taxonomy":"product_cat","embeddable":true,"href":"https:\/\/goposchte24.de\/index.php\/wp-json\/wp\/v2\/product_cat?post=372"},{"taxonomy":"product_tag","embeddable":true,"href":"https:\/\/goposchte24.de\/index.php\/wp-json\/wp\/v2\/product_tag?post=372"}],"curies":[{"name":"wp","href":"https:\/\/api.w.org\/{rel}","templated":true}]}}