{"id":362,"date":"2023-09-19T09:15:14","date_gmt":"2023-09-19T09:15:14","guid":{"rendered":"https:\/\/goposchte24.de\/index.php\/product\/huggies-drynites-einweg-bettmatten-7-matten\/"},"modified":"2023-09-29T22:42:08","modified_gmt":"2023-09-29T21:42:08","slug":"huggies-drynites-einweg-bettmatten-7-matten","status":"publish","type":"product","link":"https:\/\/goposchte24.de\/index.php\/product\/huggies-drynites-einweg-bettmatten-7-matten\/","title":{"rendered":"Huggies DryNites Einweg-Bettmatten, 7 Matten"},"content":{"rendered":"<ul class=\"amazon_features\">\n<li>Inkontinenz Bettmatten f\u00fcr Kinder<\/li>\n<li>Eine Mischung aus nat\u00fcrlichen und synthetischen Fasern verhindert st\u00f6rendes Rascheln und garantiert einen gepolsterten Schlaf<\/li>\n<li>Die abziehbare selbstklebende R\u00fcckseite sichert unseren Matratzenschoner f\u00fcr Kinder die ganze Nacht am Bett<\/li>\n<li>Bietet unschlagbaren Komfort und Schutz<\/li>\n<\/ul>\n","protected":false},"excerpt":{"rendered":"<p>Inkontinenz Bettmatten f\u00fcr Kinder Eine Mischung aus nat\u00fcrlichen und synthetischen Fasern verhindert st\u00f6rendes Rascheln und garantiert einen gepolsterten Schlaf Die abziehbare selbstklebende R\u00fcckseite sichert unseren Matratzenschoner f\u00fcr Kinder die ganze Nacht am Bett Bietet unschlagbaren Komfort und Schutz<\/p>\n","protected":false},"featured_media":363,"comment_status":"closed","ping_status":"closed","template":"","meta":[],"product_cat":[],"product_tag":[],"_links":{"self":[{"href":"https:\/\/goposchte24.de\/index.php\/wp-json\/wp\/v2\/product\/362"}],"collection":[{"href":"https:\/\/goposchte24.de\/index.php\/wp-json\/wp\/v2\/product"}],"about":[{"href":"https:\/\/goposchte24.de\/index.php\/wp-json\/wp\/v2\/types\/product"}],"replies":[{"embeddable":true,"href":"https:\/\/goposchte24.de\/index.php\/wp-json\/wp\/v2\/comments?post=362"}],"wp:featuredmedia":[{"embeddable":true,"href":"https:\/\/goposchte24.de\/index.php\/wp-json\/wp\/v2\/media\/363"}],"wp:attachment":[{"href":"https:\/\/goposchte24.de\/index.php\/wp-json\/wp\/v2\/media?parent=362"}],"wp:term":[{"taxonomy":"product_cat","embeddable":true,"href":"https:\/\/goposchte24.de\/index.php\/wp-json\/wp\/v2\/product_cat?post=362"},{"taxonomy":"product_tag","embeddable":true,"href":"https:\/\/goposchte24.de\/index.php\/wp-json\/wp\/v2\/product_tag?post=362"}],"curies":[{"name":"wp","href":"https:\/\/api.w.org\/{rel}","templated":true}]}}