{"id":307,"date":"2023-09-05T22:10:18","date_gmt":"2023-09-05T22:10:18","guid":{"rendered":"https:\/\/goposchte24.de\/index.php\/product\/pampers-windeln-grose-6-13-18kg-baby-dry-extra-large-monatsbox-bis-zu-12-stunden-rundum-auslaufschutz-124-stuck\/"},"modified":"2023-09-29T22:41:28","modified_gmt":"2023-09-29T21:41:28","slug":"pampers-windeln-grose-6-13-18kg-baby-dry-extra-large-monatsbox-bis-zu-12-stunden-rundum-auslaufschutz-124-stuck","status":"publish","type":"product","link":"https:\/\/goposchte24.de\/index.php\/product\/pampers-windeln-grose-6-13-18kg-baby-dry-extra-large-monatsbox-bis-zu-12-stunden-rundum-auslaufschutz-124-stuck\/","title":{"rendered":"Pampers Windeln Gr\u00f6\u00dfe 6 (13-18kg) Baby-Dry, Extra Large, MONATSBOX, bis zu 12 Stunden Rundum-Auslaufschutz, 124 St\u00fcck"},"content":{"rendered":"<ul class=\"amazon_features\">\n<li>Hinweis: Verpackung kann variieren<\/li>\n<li>Das einzigartige 3-fach-Schutz-System sorgt f\u00fcr bis zu 12 Stunden Rundum-Auslaufschutz<\/li>\n<li>Windeln mit einzigartiger Schutzlage f\u00fcr schnelle Absorption<\/li>\n<li>Super saugf\u00e4higer Kern, der die Fl\u00fcssigkeit einschlie\u00dft<\/li>\n<li>Sicherheitsb\u00fcndchen helfen, ein Auslaufen rundum die Beinchen zu verhindern<\/li>\n<li>Die Flexi-Seitenfl\u00fcgel passen sich angenehm an das B\u00e4uchlein deines Babys an und sorgen f\u00fcr eine sichere Passform<\/li>\n<li>Coole Designs zeigen dir die Windelvorder- und R\u00fcckseite<\/li>\n<\/ul>\n","protected":false},"excerpt":{"rendered":"<p>Hinweis: Verpackung kann variieren Das einzigartige 3-fach-Schutz-System sorgt f\u00fcr bis zu 12 Stunden Rundum-Auslaufschutz Windeln mit einzigartiger Schutzlage f\u00fcr schnelle Absorption Super saugf\u00e4higer Kern, der die Fl\u00fcssigkeit einschlie\u00dft Sicherheitsb\u00fcndchen helfen, ein Auslaufen rundum die Beinchen zu verhindern Die Flexi-Seitenfl\u00fcgel passen sich angenehm an das B\u00e4uchlein deines Babys an und sorgen f\u00fcr eine sichere Passform Coole [&hellip;]<\/p>\n","protected":false},"featured_media":308,"comment_status":"closed","ping_status":"closed","template":"","meta":[],"product_cat":[],"product_tag":[],"_links":{"self":[{"href":"https:\/\/goposchte24.de\/index.php\/wp-json\/wp\/v2\/product\/307"}],"collection":[{"href":"https:\/\/goposchte24.de\/index.php\/wp-json\/wp\/v2\/product"}],"about":[{"href":"https:\/\/goposchte24.de\/index.php\/wp-json\/wp\/v2\/types\/product"}],"replies":[{"embeddable":true,"href":"https:\/\/goposchte24.de\/index.php\/wp-json\/wp\/v2\/comments?post=307"}],"wp:featuredmedia":[{"embeddable":true,"href":"https:\/\/goposchte24.de\/index.php\/wp-json\/wp\/v2\/media\/308"}],"wp:attachment":[{"href":"https:\/\/goposchte24.de\/index.php\/wp-json\/wp\/v2\/media?parent=307"}],"wp:term":[{"taxonomy":"product_cat","embeddable":true,"href":"https:\/\/goposchte24.de\/index.php\/wp-json\/wp\/v2\/product_cat?post=307"},{"taxonomy":"product_tag","embeddable":true,"href":"https:\/\/goposchte24.de\/index.php\/wp-json\/wp\/v2\/product_tag?post=307"}],"curies":[{"name":"wp","href":"https:\/\/api.w.org\/{rel}","templated":true}]}}